{"id":2852,"date":"2018-03-10T22:34:39","date_gmt":"2018-03-10T19:34:39","guid":{"rendered":"http:\/\/leras.com.tr\/?page_id=2852"},"modified":"2018-03-10T22:36:02","modified_gmt":"2018-03-10T19:36:02","slug":"toptan-dantel-dantel-ureticiligi__trashed","status":"publish","type":"page","link":"https:\/\/leras.com.tr\/en\/toptan-dantel-dantel-ureticiligi__trashed\/","title":{"rendered":"TOPTAN DANTEL VE DANTEL ?RET?C?L???"},"content":{"rendered":"<h4><b>Toptan Dantel<\/b><span style=\"font-weight: 400;\"><br \/>\n<\/span><span style=\"font-weight: 400;\">Ana uzmanl?k alan?m?z olan Dantel?in Leras olarak <\/span><b>Toptan Dantel <\/b><span style=\"font-weight: 400;\">imalat??s?y?z. 25 y?ld?r ayn? konuda hizmet veren firmam?z Toptan Dantel ve Dantel ?malat??s? denildi?inde akla ilk gelen firmad?r. 1000?lerce ?e?it ?r?n ?e?itlili?imiz aras?nda Dantellerin yeri her zaman ayr?d?r. Sezon trendlerine g?re renkleri, dokular?, ???lt?lar?, desenleri de?i?en dantellerimiz firmam?z?n g?zdeleridir.<\/span><\/h4>\n<h4><span style=\"font-weight: 400;\">?mal etti?imiz dantelleri T?rkiye?nin ve D?nyan?n en prestijli tekstil firmalar?na <\/span><b>Zara, Mango, LCW, Oysho, Trendyol, Asos, H&amp;M<\/b><span style=\"font-weight: 400;\"> Dantel ?reticisi oldu?umuz i?in en rekabet?i fiyatlar? vermeyi taahh?t ediyoruz.<\/span><span style=\"font-weight: 400;\"><br \/>\n<\/span><span style=\"font-weight: 400;\"><br \/>\n<\/span><span style=\"font-weight: 400;\">Di?er bir ?zelli?imiz ise T?rkiye?nin en b?y?k dantel kuma? stokuna sahip olmam?zd?r. Toptan dantellerimizi stoklarken geni? AR-GE ?al??malar? yaparak ve AR-GE departman?m?zda ?al??an ekip arkada?lar?m?z ile trendleri takip ederek ?r?nlerimizi stoklu olarak haz?r bekletiyoruz.<\/span><\/h4>\n<h4><b>Dantel ?malat?nda M??terilerimize Yeni Koleksiyon Deste?i Veriyoruz<\/b><\/h4>\n<p><span style=\"font-weight: 400;\">En son kad?n ?al??anlar?m?zdan esinlenerek olu?turdu?umuz ve dantellerimizin isimlerine yine kad?n ?al??anlar?m?z?n ismini verdi?imiz 24 par?adan olu?an koleksiyonumuzu piyasaya sunduk. Tabii yine bu koleksiyon d?nya trendlerini takip eden tekstil firmalar?n?n ?ihtiyac?n? kar??layacak. Tekstil aksesuar? konusunda yeni koleksiyonlar? sadece uzun zamand?r Tekstil firmalar?na ?r?n ve hizmet veren b?y?k ?reticilerin verebilece?ini hat?rlatmak isteriz.<\/span><span style=\"font-weight: 400;\"><br \/>\n<\/span><span style=\"font-weight: 400;\"><br \/>\n<\/span><b>Toptan Dantelleri Kimler Kullan?yor?<\/b><span style=\"font-weight: 400;\"><br \/>\n<\/span><span style=\"font-weight: 400;\">Kad?n haz?r giyim ?reticileri, ?ocuk haz?r giyim ?reticileri, Abiye haz?r giyim ?reticileri, ?? ?ama??r? giyim ?reticileri, ?orap ?reticileri, Ev tekstili ?reticileri, Medikal giyim ?reticileri, Ayakkab? ve ?anta, Mobilyac?lar?d?r. K?saca T?rkiye?de ve d?nyada, ma?azada g?r?p be?endi?iniz ya da evinizde senelerdir kulland???n?z i?inde dantel olan her ?eyin ?reticisinin bizim olma ihtimalimiz ?ok y?ksek.<\/span><span style=\"font-weight: 400;\"><br \/>\n<\/span><span style=\"font-weight: 400;\"><br \/>\n<\/span><b>Dantellerimiz Sayesinde ?lkemizi Temsil Ediyoruz<\/b><span style=\"font-weight: 400;\"><br \/>\n<\/span><span style=\"font-weight: 400;\">D?zenli olarak kat?ld???m?z, d?nyada se?kin ve se?ilen tekstil aksesuar? firmalar?n?n kat?labildi?i Premi?re Vision \/ Fransa gibi fuarlarda dantellerimiz sayesinde ?lkemizi temsil ediyoruz. Fuar hakk?nda detayl? bilgiye <\/span><a href=\"https:\/\/e-catalog.premierevision.com\/en\/exposant\/299247-leras-accessories-en\/\"><span style=\"font-weight: 400;\">bu<\/span><\/a><span style=\"font-weight: 400;\"> siteden ula?abilir, stant yeri ve numaram?z? ??renebilirsiniz.<\/span><span style=\"font-weight: 400;\"><br \/>\n<\/span><span style=\"font-weight: 400;\"><br \/>\n<\/span><b>Dantel ?reticili?inde Hedefimiz<\/b><b><br \/>\n<\/b><span style=\"font-weight: 400;\">T?rkiye?de elde etti?imiz bu m??teri memnuniyetini k?sa zamanda D?nya?n?n 5 k?tas?na a??larak severek, gururla imal etti?imiz dantellerimizi, toptan olarak pek ?ok tekstil firmas?na iletmek. Hali haz?rda b?y?mekte olan ihracat?m?z? daha da h?zland?rmak.<\/span><span style=\"font-weight: 400;\"><br \/>\n<\/span><\/p>\n","protected":false},"excerpt":{"rendered":"<p>Toptan Dantel Ana uzmanl?k alan?m?z olan Dantel?in Leras olarak Toptan Dantel imalat??s?y?z. 25 y?ld?r ayn? konuda hizmet veren firmam?z Toptan Dantel ve Dantel ?malat??s? denildi?inde akla ilk gelen firmad?r. 1000?lerce ?e?it ?r?n ?e?itlili?imiz aras?nda Dantellerin yeri her zaman ayr?d?r. Sezon trendlerine g?re renkleri, dokular?, ???lt?lar?, desenleri de?i?en dantellerimiz firmam?z?n g?zdeleridir. ?mal etti?imiz dantelleri T?rkiye?nin ve &hellip; <\/p>\n","protected":false},"author":1,"featured_media":0,"parent":0,"menu_order":0,"comment_status":"closed","ping_status":"closed","template":"page-sidebar-right.php","meta":{"_monsterinsights_skip_tracking":false,"_monsterinsights_sitenote_active":false,"_monsterinsights_sitenote_note":"","_monsterinsights_sitenote_category":0,"footnotes":""},"translation":{"provider":"WPGlobus","version":"3.0.2","language":"en","enabled_languages":["tr","en"],"languages":{"tr":{"title":true,"content":true,"excerpt":false},"en":{"title":false,"content":false,"excerpt":false}}},"yoast_head":"<!-- This site is optimized with the Yoast SEO plugin v22.0 - https:\/\/yoast.com\/wordpress\/plugins\/seo\/ -->\n<title>Leras Tekstil Kuma\u015f\u00e7\u0131l\u0131k<\/title>\n<meta name=\"robots\" content=\"index, follow, max-snippet:-1, max-image-preview:large, max-video-preview:-1\" \/>\n<link rel=\"canonical\" href=\"https:\/\/leras.com.tr\/en\/toptan-dantel-dantel-ureticiligi__trashed\/\" \/>\n<meta property=\"og:locale\" content=\"en_US\" \/>\n<meta property=\"og:type\" content=\"article\" \/>\n<meta property=\"og:url\" content=\"https:\/\/leras.com.tr\/en\/toptan-dantel-dantel-ureticiligi__trashed\/\" \/>\n<meta property=\"og:site_name\" content=\"Leras Tekstil Kuma\u015f\u00e7\u0131l\u0131k\" \/>\n<meta property=\"article:modified_time\" content=\"2018-03-10T19:36:02+00:00\" \/>\n<meta name=\"twitter:card\" content=\"summary_large_image\" \/>\n<meta name=\"twitter:label1\" content=\"Est. reading time\" \/>\n\t<meta name=\"twitter:data1\" content=\"2 minutes\" \/>\n<script type=\"application\/ld+json\" class=\"yoast-schema-graph\">{\"@context\":\"https:\/\/schema.org\",\"@graph\":[{\"@type\":\"WebPage\",\"@id\":\"https:\/\/leras.com.tr\/en\/toptan-dantel-dantel-ureticiligi__trashed\/\",\"url\":\"https:\/\/leras.com.tr\/en\/toptan-dantel-dantel-ureticiligi__trashed\/\",\"name\":\"\",\"isPartOf\":{\"@id\":\"https:\/\/leras.com.tr\/en\/#website\"},\"datePublished\":\"2018-03-10T19:34:39+00:00\",\"dateModified\":\"2018-03-10T19:36:02+00:00\",\"breadcrumb\":{\"@id\":\"https:\/\/leras.com.tr\/en\/toptan-dantel-dantel-ureticiligi__trashed\/#breadcrumb\"},\"inLanguage\":\"en-US\",\"potentialAction\":[{\"@type\":\"ReadAction\",\"target\":[\"https:\/\/leras.com.tr\/en\/toptan-dantel-dantel-ureticiligi__trashed\/\"]}]},{\"@type\":\"BreadcrumbList\",\"@id\":\"https:\/\/leras.com.tr\/en\/toptan-dantel-dantel-ureticiligi__trashed\/#breadcrumb\",\"itemListElement\":[{\"@type\":\"ListItem\",\"position\":1,\"name\":\"Ana sayfa\",\"item\":\"https:\/\/leras.com.tr\/\"},{\"@type\":\"ListItem\",\"position\":2,\"name\":\"TOPTAN DANTEL VE DANTEL ?RET?C?L???\"}]},{\"@type\":\"WebSite\",\"@id\":\"https:\/\/leras.com.tr\/en\/#website\",\"url\":\"https:\/\/leras.com.tr\/en\/\",\"name\":\"Leras Tekstil Kuma\u015f\u00e7\u0131l\u0131k\",\"description\":\"\",\"publisher\":{\"@id\":\"https:\/\/leras.com.tr\/en\/#organization\"},\"potentialAction\":[{\"@type\":\"SearchAction\",\"target\":{\"@type\":\"EntryPoint\",\"urlTemplate\":\"https:\/\/leras.com.tr\/en\/?s={search_term_string}\"},\"query-input\":\"required name=search_term_string\"}],\"inLanguage\":\"en-US\"},{\"@type\":\"Organization\",\"@id\":\"https:\/\/leras.com.tr\/en\/#organization\",\"name\":\"Leras Dantel & Aksesuar\",\"url\":\"https:\/\/leras.com.tr\/en\/\",\"logo\":{\"@type\":\"ImageObject\",\"inLanguage\":\"en-US\",\"@id\":\"https:\/\/leras.com.tr\/en\/#\/schema\/logo\/image\/\",\"url\":\"https:\/\/leras.com.tr\/wp-content\/uploads\/2018\/03\/cropped-LerasLogo-05.png\",\"contentUrl\":\"https:\/\/leras.com.tr\/wp-content\/uploads\/2018\/03\/cropped-LerasLogo-05.png\",\"width\":249,\"height\":250,\"caption\":\"Leras Dantel & Aksesuar\"},\"image\":{\"@id\":\"https:\/\/leras.com.tr\/en\/#\/schema\/logo\/image\/\"}}]}<\/script>\n<!-- \/ Yoast SEO plugin. -->","yoast_head_json":{"title":"Leras Tekstil Kuma\u015f\u00e7\u0131l\u0131k","robots":{"index":"index","follow":"follow","max-snippet":"max-snippet:-1","max-image-preview":"max-image-preview:large","max-video-preview":"max-video-preview:-1"},"canonical":"https:\/\/leras.com.tr\/en\/toptan-dantel-dantel-ureticiligi__trashed\/","og_locale":"en_US","og_type":"article","og_url":"https:\/\/leras.com.tr\/en\/toptan-dantel-dantel-ureticiligi__trashed\/","og_site_name":"Leras Tekstil Kuma\u015f\u00e7\u0131l\u0131k","article_modified_time":"2018-03-10T19:36:02+00:00","twitter_card":"summary_large_image","twitter_misc":{"Est. reading time":"2 minutes"},"schema":{"@context":"https:\/\/schema.org","@graph":[{"@type":"WebPage","@id":"https:\/\/leras.com.tr\/en\/toptan-dantel-dantel-ureticiligi__trashed\/","url":"https:\/\/leras.com.tr\/en\/toptan-dantel-dantel-ureticiligi__trashed\/","name":"","isPartOf":{"@id":"https:\/\/leras.com.tr\/en\/#website"},"datePublished":"2018-03-10T19:34:39+00:00","dateModified":"2018-03-10T19:36:02+00:00","breadcrumb":{"@id":"https:\/\/leras.com.tr\/en\/toptan-dantel-dantel-ureticiligi__trashed\/#breadcrumb"},"inLanguage":"en-US","potentialAction":[{"@type":"ReadAction","target":["https:\/\/leras.com.tr\/en\/toptan-dantel-dantel-ureticiligi__trashed\/"]}]},{"@type":"BreadcrumbList","@id":"https:\/\/leras.com.tr\/en\/toptan-dantel-dantel-ureticiligi__trashed\/#breadcrumb","itemListElement":[{"@type":"ListItem","position":1,"name":"Ana sayfa","item":"https:\/\/leras.com.tr\/"},{"@type":"ListItem","position":2,"name":"TOPTAN DANTEL VE DANTEL ?RET?C?L???"}]},{"@type":"WebSite","@id":"https:\/\/leras.com.tr\/en\/#website","url":"https:\/\/leras.com.tr\/en\/","name":"Leras Tekstil Kuma\u015f\u00e7\u0131l\u0131k","description":"","publisher":{"@id":"https:\/\/leras.com.tr\/en\/#organization"},"potentialAction":[{"@type":"SearchAction","target":{"@type":"EntryPoint","urlTemplate":"https:\/\/leras.com.tr\/en\/?s={search_term_string}"},"query-input":"required name=search_term_string"}],"inLanguage":"en-US"},{"@type":"Organization","@id":"https:\/\/leras.com.tr\/en\/#organization","name":"Leras Dantel & Aksesuar","url":"https:\/\/leras.com.tr\/en\/","logo":{"@type":"ImageObject","inLanguage":"en-US","@id":"https:\/\/leras.com.tr\/en\/#\/schema\/logo\/image\/","url":"https:\/\/leras.com.tr\/wp-content\/uploads\/2018\/03\/cropped-LerasLogo-05.png","contentUrl":"https:\/\/leras.com.tr\/wp-content\/uploads\/2018\/03\/cropped-LerasLogo-05.png","width":249,"height":250,"caption":"Leras Dantel & Aksesuar"},"image":{"@id":"https:\/\/leras.com.tr\/en\/#\/schema\/logo\/image\/"}}]}},"_links":{"self":[{"href":"https:\/\/leras.com.tr\/en\/wp-json\/wp\/v2\/pages\/2852"}],"collection":[{"href":"https:\/\/leras.com.tr\/en\/wp-json\/wp\/v2\/pages"}],"about":[{"href":"https:\/\/leras.com.tr\/en\/wp-json\/wp\/v2\/types\/page"}],"author":[{"embeddable":true,"href":"https:\/\/leras.com.tr\/en\/wp-json\/wp\/v2\/users\/1"}],"replies":[{"embeddable":true,"href":"https:\/\/leras.com.tr\/en\/wp-json\/wp\/v2\/comments?post=2852"}],"version-history":[{"count":1,"href":"https:\/\/leras.com.tr\/en\/wp-json\/wp\/v2\/pages\/2852\/revisions"}],"predecessor-version":[{"id":2855,"href":"https:\/\/leras.com.tr\/en\/wp-json\/wp\/v2\/pages\/2852\/revisions\/2855"}],"wp:attachment":[{"href":"https:\/\/leras.com.tr\/en\/wp-json\/wp\/v2\/media?parent=2852"}],"curies":[{"name":"wp","href":"https:\/\/api.w.org\/{rel}","templated":true}]}}