{"id":2699,"date":"2018-03-06T01:29:02","date_gmt":"2018-03-05T22:29:02","guid":{"rendered":"http:\/\/leras.com.tr\/?page_id=2699"},"modified":"2018-03-22T01:36:51","modified_gmt":"2018-03-21T22:36:51","slug":"kordoneli%cc%87-lez-dantel","status":"publish","type":"page","link":"https:\/\/leras.com.tr\/en\/kordoneli%cc%87-lez-dantel\/","title":{"rendered":"KORDONELI LEZ DANTEL"},"content":{"rendered":"<p>[vc_row cth_layout=&#8221;inshot_page_sec&#8221; is_fullwidth=&#8221;wide&#8221;][vc_column][inshot_portfolios folio_item_style=&#8221;vis-thumb-info&#8221; show_filter=&#8221;no&#8221; columns_grid=&#8221;three&#8221; spacing=&#8221;big&#8221; ids=&#8221;2223,2227,2229,3108&#8243;][\/vc_column][\/vc_row]<\/p>\n","protected":false},"excerpt":{"rendered":"<p>[vc_row cth_layout=&#8221;inshot_page_sec&#8221; is_fullwidth=&#8221;wide&#8221;][vc_column][inshot_portfolios folio_item_style=&#8221;vis-thumb-info&#8221; show_filter=&#8221;no&#8221; columns_grid=&#8221;three&#8221; spacing=&#8221;big&#8221; ids=&#8221;2223,2227,2229,3108&#8243;][\/vc_column][\/vc_row]<\/p>\n","protected":false},"author":1,"featured_media":0,"parent":0,"menu_order":0,"comment_status":"closed","ping_status":"closed","template":"","meta":{"_monsterinsights_skip_tracking":false,"_monsterinsights_sitenote_active":false,"_monsterinsights_sitenote_note":"","_monsterinsights_sitenote_category":0,"footnotes":""},"translation":{"provider":"WPGlobus","version":"3.0.2","language":"en","enabled_languages":["tr","en"],"languages":{"tr":{"title":true,"content":true,"excerpt":false},"en":{"title":false,"content":false,"excerpt":false}}},"yoast_head":"<!-- This site is optimized with the Yoast SEO plugin v22.0 - https:\/\/yoast.com\/wordpress\/plugins\/seo\/ -->\n<title>KORDONELI LEZ DANTEL - Leras Tekstil Kuma\u015f\u00e7\u0131l\u0131k<\/title>\n<meta name=\"robots\" content=\"index, follow, max-snippet:-1, max-image-preview:large, max-video-preview:-1\" \/>\n<link rel=\"canonical\" href=\"https:\/\/leras.com.tr\/en\/kordoneli\u0307-lez-dantel\/\" \/>\n<meta property=\"og:locale\" content=\"en_US\" \/>\n<meta property=\"og:type\" content=\"article\" \/>\n<meta property=\"og:title\" content=\"KORDONELI LEZ DANTEL - Leras Tekstil Kuma\u015f\u00e7\u0131l\u0131k\" \/>\n<meta property=\"og:url\" content=\"https:\/\/leras.com.tr\/en\/kordoneli\u0307-lez-dantel\/\" \/>\n<meta property=\"og:site_name\" content=\"Leras Tekstil Kuma\u015f\u00e7\u0131l\u0131k\" \/>\n<meta property=\"article:modified_time\" content=\"2018-03-21T22:36:51+00:00\" \/>\n<meta name=\"twitter:card\" content=\"summary_large_image\" \/>\n<script type=\"application\/ld+json\" class=\"yoast-schema-graph\">{\"@context\":\"https:\/\/schema.org\",\"@graph\":[{\"@type\":\"WebPage\",\"@id\":\"https:\/\/leras.com.tr\/en\/kordoneli%cc%87-lez-dantel\/\",\"url\":\"https:\/\/leras.com.tr\/en\/kordoneli%cc%87-lez-dantel\/\",\"name\":\"KORDONELI LEZ DANTEL - Leras Tekstil Kuma\u015f\u00e7\u0131l\u0131k\",\"isPartOf\":{\"@id\":\"https:\/\/leras.com.tr\/en\/#website\"},\"datePublished\":\"2018-03-05T22:29:02+00:00\",\"dateModified\":\"2018-03-21T22:36:51+00:00\",\"breadcrumb\":{\"@id\":\"https:\/\/leras.com.tr\/en\/kordoneli%cc%87-lez-dantel\/#breadcrumb\"},\"inLanguage\":\"en-US\",\"potentialAction\":[{\"@type\":\"ReadAction\",\"target\":[\"https:\/\/leras.com.tr\/en\/kordoneli%cc%87-lez-dantel\/\"]}]},{\"@type\":\"BreadcrumbList\",\"@id\":\"https:\/\/leras.com.tr\/en\/kordoneli%cc%87-lez-dantel\/#breadcrumb\",\"itemListElement\":[{\"@type\":\"ListItem\",\"position\":1,\"name\":\"Ana sayfa\",\"item\":\"https:\/\/leras.com.tr\/en\/\"},{\"@type\":\"ListItem\",\"position\":2,\"name\":\"KORDONELI LEZ DANTEL\"}]},{\"@type\":\"WebSite\",\"@id\":\"https:\/\/leras.com.tr\/en\/#website\",\"url\":\"https:\/\/leras.com.tr\/en\/\",\"name\":\"Leras Tekstil Kuma\u015f\u00e7\u0131l\u0131k\",\"description\":\"\",\"publisher\":{\"@id\":\"https:\/\/leras.com.tr\/en\/#organization\"},\"potentialAction\":[{\"@type\":\"SearchAction\",\"target\":{\"@type\":\"EntryPoint\",\"urlTemplate\":\"https:\/\/leras.com.tr\/en\/?s={search_term_string}\"},\"query-input\":\"required name=search_term_string\"}],\"inLanguage\":\"en-US\"},{\"@type\":\"Organization\",\"@id\":\"https:\/\/leras.com.tr\/en\/#organization\",\"name\":\"Leras Dantel & Aksesuar\",\"url\":\"https:\/\/leras.com.tr\/en\/\",\"logo\":{\"@type\":\"ImageObject\",\"inLanguage\":\"en-US\",\"@id\":\"https:\/\/leras.com.tr\/en\/#\/schema\/logo\/image\/\",\"url\":\"https:\/\/leras.com.tr\/wp-content\/uploads\/2018\/03\/cropped-LerasLogo-05.png\",\"contentUrl\":\"https:\/\/leras.com.tr\/wp-content\/uploads\/2018\/03\/cropped-LerasLogo-05.png\",\"width\":249,\"height\":250,\"caption\":\"Leras Dantel & Aksesuar\"},\"image\":{\"@id\":\"https:\/\/leras.com.tr\/en\/#\/schema\/logo\/image\/\"}}]}<\/script>\n<!-- \/ Yoast SEO plugin. -->","yoast_head_json":{"title":"KORDONELI LEZ DANTEL - Leras Tekstil Kuma\u015f\u00e7\u0131l\u0131k","robots":{"index":"index","follow":"follow","max-snippet":"max-snippet:-1","max-image-preview":"max-image-preview:large","max-video-preview":"max-video-preview:-1"},"canonical":"https:\/\/leras.com.tr\/en\/kordoneli\u0307-lez-dantel\/","og_locale":"en_US","og_type":"article","og_title":"KORDONELI LEZ DANTEL - Leras Tekstil Kuma\u015f\u00e7\u0131l\u0131k","og_url":"https:\/\/leras.com.tr\/en\/kordoneli\u0307-lez-dantel\/","og_site_name":"Leras Tekstil Kuma\u015f\u00e7\u0131l\u0131k","article_modified_time":"2018-03-21T22:36:51+00:00","twitter_card":"summary_large_image","schema":{"@context":"https:\/\/schema.org","@graph":[{"@type":"WebPage","@id":"https:\/\/leras.com.tr\/en\/kordoneli%cc%87-lez-dantel\/","url":"https:\/\/leras.com.tr\/en\/kordoneli%cc%87-lez-dantel\/","name":"KORDONELI LEZ DANTEL - Leras Tekstil Kuma\u015f\u00e7\u0131l\u0131k","isPartOf":{"@id":"https:\/\/leras.com.tr\/en\/#website"},"datePublished":"2018-03-05T22:29:02+00:00","dateModified":"2018-03-21T22:36:51+00:00","breadcrumb":{"@id":"https:\/\/leras.com.tr\/en\/kordoneli%cc%87-lez-dantel\/#breadcrumb"},"inLanguage":"en-US","potentialAction":[{"@type":"ReadAction","target":["https:\/\/leras.com.tr\/en\/kordoneli%cc%87-lez-dantel\/"]}]},{"@type":"BreadcrumbList","@id":"https:\/\/leras.com.tr\/en\/kordoneli%cc%87-lez-dantel\/#breadcrumb","itemListElement":[{"@type":"ListItem","position":1,"name":"Ana sayfa","item":"https:\/\/leras.com.tr\/en\/"},{"@type":"ListItem","position":2,"name":"KORDONELI LEZ DANTEL"}]},{"@type":"WebSite","@id":"https:\/\/leras.com.tr\/en\/#website","url":"https:\/\/leras.com.tr\/en\/","name":"Leras Tekstil Kuma\u015f\u00e7\u0131l\u0131k","description":"","publisher":{"@id":"https:\/\/leras.com.tr\/en\/#organization"},"potentialAction":[{"@type":"SearchAction","target":{"@type":"EntryPoint","urlTemplate":"https:\/\/leras.com.tr\/en\/?s={search_term_string}"},"query-input":"required name=search_term_string"}],"inLanguage":"en-US"},{"@type":"Organization","@id":"https:\/\/leras.com.tr\/en\/#organization","name":"Leras Dantel & Aksesuar","url":"https:\/\/leras.com.tr\/en\/","logo":{"@type":"ImageObject","inLanguage":"en-US","@id":"https:\/\/leras.com.tr\/en\/#\/schema\/logo\/image\/","url":"https:\/\/leras.com.tr\/wp-content\/uploads\/2018\/03\/cropped-LerasLogo-05.png","contentUrl":"https:\/\/leras.com.tr\/wp-content\/uploads\/2018\/03\/cropped-LerasLogo-05.png","width":249,"height":250,"caption":"Leras Dantel & Aksesuar"},"image":{"@id":"https:\/\/leras.com.tr\/en\/#\/schema\/logo\/image\/"}}]}},"_links":{"self":[{"href":"https:\/\/leras.com.tr\/en\/wp-json\/wp\/v2\/pages\/2699"}],"collection":[{"href":"https:\/\/leras.com.tr\/en\/wp-json\/wp\/v2\/pages"}],"about":[{"href":"https:\/\/leras.com.tr\/en\/wp-json\/wp\/v2\/types\/page"}],"author":[{"embeddable":true,"href":"https:\/\/leras.com.tr\/en\/wp-json\/wp\/v2\/users\/1"}],"replies":[{"embeddable":true,"href":"https:\/\/leras.com.tr\/en\/wp-json\/wp\/v2\/comments?post=2699"}],"version-history":[{"count":7,"href":"https:\/\/leras.com.tr\/en\/wp-json\/wp\/v2\/pages\/2699\/revisions"}],"predecessor-version":[{"id":3412,"href":"https:\/\/leras.com.tr\/en\/wp-json\/wp\/v2\/pages\/2699\/revisions\/3412"}],"wp:attachment":[{"href":"https:\/\/leras.com.tr\/en\/wp-json\/wp\/v2\/media?parent=2699"}],"curies":[{"name":"wp","href":"https:\/\/api.w.org\/{rel}","templated":true}]}}