{"id":697,"date":"2016-11-06T16:05:40","date_gmt":"2016-11-06T16:05:40","guid":{"rendered":"http:\/\/demowp.cththemes.net\/diopter\/?page_id=697"},"modified":"2016-11-06T16:05:40","modified_gmt":"2016-11-06T16:05:40","slug":"home-landing","status":"publish","type":"page","link":"http:\/\/leras.com.tr\/en\/home-landing\/","title":{"rendered":"Home Landing"},"content":{"rendered":"<p>[vc_row cth_layout=&#8221;inshot_homefullheight_sec&#8221; is_fullwidth=&#8221;yes&#8221; overlay_color=&#8221;#ffffff&#8221; balkon_bg_color=&#8221;transparent-color-bg&#8221; el_class=&#8221;show-fullscreen-first&#8221; parallax_inner=&#8221;1645&#8243;][vc_column][inshot_landing][inshot_landing_item][\/inshot_landing_item][inshot_landing_item title=&#8221;Slider&#8221; link=&#8221;http:\/\/demowp.cththemes.com\/inshot\/home-slider\/&#8221; slideimg=&#8221;1653&#8243;][\/inshot_landing_item][inshot_landing_item title=&#8221;Kenburns&#8221; link=&#8221;http:\/\/demowp.cththemes.com\/inshot\/home-kenburns\/&#8221; slideimg=&#8221;1659&#8243;][\/inshot_landing_item][inshot_landing_item title=&#8221;Slideshow&#8221; link=&#8221;http:\/\/demowp.cththemes.com\/inshot\/home-slideshow\/&#8221; slideimg=&#8221;1658&#8243;][\/inshot_landing_item][inshot_landing_item title=&#8221;Static Image&#8221; link=&#8221;http:\/\/demowp.cththemes.com\/inshot\/home-image\/&#8221; slideimg=&#8221;1657&#8243;][\/inshot_landing_item][inshot_landing_item title=&#8221;Center Carousel&#8221; link=&#8221;http:\/\/demowp.cththemes.com\/inshot\/home-carousel-center\/&#8221; slideimg=&#8221;1656&#8243;][\/inshot_landing_item][inshot_landing_item title=&#8221;Hosted Video&#8221; link=&#8221;http:\/\/demowp.cththemes.com\/inshot\/home-video\/&#8221; slideimg=&#8221;1655&#8243;][\/inshot_landing_item][\/inshot_landing][\/vc_column][\/vc_row]<\/p>\n","protected":false},"excerpt":{"rendered":"<p>[vc_row cth_layout=&#8221;inshot_homefullheight_sec&#8221; is_fullwidth=&#8221;yes&#8221; overlay_color=&#8221;#ffffff&#8221; balkon_bg_color=&#8221;transparent-color-bg&#8221; el_class=&#8221;show-fullscreen-first&#8221; parallax_inner=&#8221;1645&#8243;][vc_column][inshot_landing][inshot_landing_item][\/inshot_landing_item][inshot_landing_item title=&#8221;Slider&#8221; link=&#8221;http:\/\/demowp.cththemes.com\/inshot\/home-slider\/&#8221; slideimg=&#8221;1653&#8243;][\/inshot_landing_item][inshot_landing_item title=&#8221;Kenburns&#8221; link=&#8221;http:\/\/demowp.cththemes.com\/inshot\/home-kenburns\/&#8221; slideimg=&#8221;1659&#8243;][\/inshot_landing_item][inshot_landing_item title=&#8221;Slideshow&#8221; link=&#8221;http:\/\/demowp.cththemes.com\/inshot\/home-slideshow\/&#8221; slideimg=&#8221;1658&#8243;][\/inshot_landing_item][inshot_landing_item title=&#8221;Static Image&#8221; link=&#8221;http:\/\/demowp.cththemes.com\/inshot\/home-image\/&#8221; slideimg=&#8221;1657&#8243;][\/inshot_landing_item][inshot_landing_item title=&#8221;Center Carousel&#8221; link=&#8221;http:\/\/demowp.cththemes.com\/inshot\/home-carousel-center\/&#8221; slideimg=&#8221;1656&#8243;][\/inshot_landing_item][inshot_landing_item title=&#8221;Hosted Video&#8221; link=&#8221;http:\/\/demowp.cththemes.com\/inshot\/home-video\/&#8221; slideimg=&#8221;1655&#8243;][\/inshot_landing_item][\/inshot_landing][\/vc_column][\/vc_row]<\/p>\n","protected":false},"author":1,"featured_media":0,"parent":0,"menu_order":0,"comment_status":"closed","ping_status":"closed","template":"home-fullscreen.php","meta":{"_monsterinsights_skip_tracking":false,"_monsterinsights_sitenote_active":false,"_monsterinsights_sitenote_note":"","_monsterinsights_sitenote_category":0,"footnotes":""},"translation":{"provider":"WPGlobus","version":"3.0.2","language":"en","enabled_languages":["tr","en"],"languages":{"tr":{"title":true,"content":true,"excerpt":false},"en":{"title":false,"content":false,"excerpt":false}}},"yoast_head":"<!-- This site is optimized with the Yoast SEO plugin v22.0 - https:\/\/yoast.com\/wordpress\/plugins\/seo\/ -->\n<title>Home Landing - Leras Tekstil Kuma\u015f\u00e7\u0131l\u0131k<\/title>\n<meta name=\"robots\" content=\"index, follow, max-snippet:-1, max-image-preview:large, max-video-preview:-1\" \/>\n<link rel=\"canonical\" href=\"http:\/\/leras.com.tr\/en\/home-landing\/\" \/>\n<meta property=\"og:locale\" content=\"en_US\" \/>\n<meta property=\"og:type\" content=\"article\" \/>\n<meta property=\"og:title\" content=\"Home Landing - Leras Tekstil Kuma\u015f\u00e7\u0131l\u0131k\" \/>\n<meta property=\"og:url\" content=\"http:\/\/leras.com.tr\/en\/home-landing\/\" \/>\n<meta property=\"og:site_name\" content=\"Leras Tekstil Kuma\u015f\u00e7\u0131l\u0131k\" \/>\n<meta name=\"twitter:card\" content=\"summary_large_image\" \/>\n<meta name=\"twitter:label1\" content=\"Est. reading time\" \/>\n\t<meta name=\"twitter:data1\" content=\"1 minute\" \/>\n<script type=\"application\/ld+json\" class=\"yoast-schema-graph\">{\"@context\":\"https:\/\/schema.org\",\"@graph\":[{\"@type\":\"WebPage\",\"@id\":\"http:\/\/leras.com.tr\/en\/home-landing\/\",\"url\":\"http:\/\/leras.com.tr\/en\/home-landing\/\",\"name\":\"Home Landing - Leras Tekstil Kuma\u015f\u00e7\u0131l\u0131k\",\"isPartOf\":{\"@id\":\"http:\/\/leras.com.tr\/en\/#website\"},\"datePublished\":\"2016-11-06T16:05:40+00:00\",\"dateModified\":\"2016-11-06T16:05:40+00:00\",\"breadcrumb\":{\"@id\":\"http:\/\/leras.com.tr\/en\/home-landing\/#breadcrumb\"},\"inLanguage\":\"en-US\",\"potentialAction\":[{\"@type\":\"ReadAction\",\"target\":[\"http:\/\/leras.com.tr\/en\/home-landing\/\"]}]},{\"@type\":\"BreadcrumbList\",\"@id\":\"http:\/\/leras.com.tr\/en\/home-landing\/#breadcrumb\",\"itemListElement\":[{\"@type\":\"ListItem\",\"position\":1,\"name\":\"Ana sayfa\",\"item\":\"https:\/\/leras.com.tr\/\"},{\"@type\":\"ListItem\",\"position\":2,\"name\":\"Home Landing\"}]},{\"@type\":\"WebSite\",\"@id\":\"http:\/\/leras.com.tr\/en\/#website\",\"url\":\"http:\/\/leras.com.tr\/en\/\",\"name\":\"Leras Tekstil Kuma\u015f\u00e7\u0131l\u0131k\",\"description\":\"\",\"publisher\":{\"@id\":\"http:\/\/leras.com.tr\/en\/#organization\"},\"potentialAction\":[{\"@type\":\"SearchAction\",\"target\":{\"@type\":\"EntryPoint\",\"urlTemplate\":\"http:\/\/leras.com.tr\/en\/?s={search_term_string}\"},\"query-input\":\"required name=search_term_string\"}],\"inLanguage\":\"en-US\"},{\"@type\":\"Organization\",\"@id\":\"http:\/\/leras.com.tr\/en\/#organization\",\"name\":\"Leras Dantel & Aksesuar\",\"url\":\"http:\/\/leras.com.tr\/en\/\",\"logo\":{\"@type\":\"ImageObject\",\"inLanguage\":\"en-US\",\"@id\":\"http:\/\/leras.com.tr\/en\/#\/schema\/logo\/image\/\",\"url\":\"https:\/\/leras.com.tr\/wp-content\/uploads\/2018\/03\/cropped-LerasLogo-05.png\",\"contentUrl\":\"https:\/\/leras.com.tr\/wp-content\/uploads\/2018\/03\/cropped-LerasLogo-05.png\",\"width\":249,\"height\":250,\"caption\":\"Leras Dantel & Aksesuar\"},\"image\":{\"@id\":\"http:\/\/leras.com.tr\/en\/#\/schema\/logo\/image\/\"}}]}<\/script>\n<!-- \/ Yoast SEO plugin. -->","yoast_head_json":{"title":"Home Landing - Leras Tekstil Kuma\u015f\u00e7\u0131l\u0131k","robots":{"index":"index","follow":"follow","max-snippet":"max-snippet:-1","max-image-preview":"max-image-preview:large","max-video-preview":"max-video-preview:-1"},"canonical":"http:\/\/leras.com.tr\/en\/home-landing\/","og_locale":"en_US","og_type":"article","og_title":"Home Landing - Leras Tekstil Kuma\u015f\u00e7\u0131l\u0131k","og_url":"http:\/\/leras.com.tr\/en\/home-landing\/","og_site_name":"Leras Tekstil Kuma\u015f\u00e7\u0131l\u0131k","twitter_card":"summary_large_image","twitter_misc":{"Est. reading time":"1 minute"},"schema":{"@context":"https:\/\/schema.org","@graph":[{"@type":"WebPage","@id":"http:\/\/leras.com.tr\/en\/home-landing\/","url":"http:\/\/leras.com.tr\/en\/home-landing\/","name":"Home Landing - Leras Tekstil Kuma\u015f\u00e7\u0131l\u0131k","isPartOf":{"@id":"http:\/\/leras.com.tr\/en\/#website"},"datePublished":"2016-11-06T16:05:40+00:00","dateModified":"2016-11-06T16:05:40+00:00","breadcrumb":{"@id":"http:\/\/leras.com.tr\/en\/home-landing\/#breadcrumb"},"inLanguage":"en-US","potentialAction":[{"@type":"ReadAction","target":["http:\/\/leras.com.tr\/en\/home-landing\/"]}]},{"@type":"BreadcrumbList","@id":"http:\/\/leras.com.tr\/en\/home-landing\/#breadcrumb","itemListElement":[{"@type":"ListItem","position":1,"name":"Ana sayfa","item":"https:\/\/leras.com.tr\/"},{"@type":"ListItem","position":2,"name":"Home Landing"}]},{"@type":"WebSite","@id":"http:\/\/leras.com.tr\/en\/#website","url":"http:\/\/leras.com.tr\/en\/","name":"Leras Tekstil Kuma\u015f\u00e7\u0131l\u0131k","description":"","publisher":{"@id":"http:\/\/leras.com.tr\/en\/#organization"},"potentialAction":[{"@type":"SearchAction","target":{"@type":"EntryPoint","urlTemplate":"http:\/\/leras.com.tr\/en\/?s={search_term_string}"},"query-input":"required name=search_term_string"}],"inLanguage":"en-US"},{"@type":"Organization","@id":"http:\/\/leras.com.tr\/en\/#organization","name":"Leras Dantel & Aksesuar","url":"http:\/\/leras.com.tr\/en\/","logo":{"@type":"ImageObject","inLanguage":"en-US","@id":"http:\/\/leras.com.tr\/en\/#\/schema\/logo\/image\/","url":"https:\/\/leras.com.tr\/wp-content\/uploads\/2018\/03\/cropped-LerasLogo-05.png","contentUrl":"https:\/\/leras.com.tr\/wp-content\/uploads\/2018\/03\/cropped-LerasLogo-05.png","width":249,"height":250,"caption":"Leras Dantel & Aksesuar"},"image":{"@id":"http:\/\/leras.com.tr\/en\/#\/schema\/logo\/image\/"}}]}},"_links":{"self":[{"href":"http:\/\/leras.com.tr\/en\/wp-json\/wp\/v2\/pages\/697"}],"collection":[{"href":"http:\/\/leras.com.tr\/en\/wp-json\/wp\/v2\/pages"}],"about":[{"href":"http:\/\/leras.com.tr\/en\/wp-json\/wp\/v2\/types\/page"}],"author":[{"embeddable":true,"href":"http:\/\/leras.com.tr\/en\/wp-json\/wp\/v2\/users\/1"}],"replies":[{"embeddable":true,"href":"http:\/\/leras.com.tr\/en\/wp-json\/wp\/v2\/comments?post=697"}],"version-history":[{"count":0,"href":"http:\/\/leras.com.tr\/en\/wp-json\/wp\/v2\/pages\/697\/revisions"}],"wp:attachment":[{"href":"http:\/\/leras.com.tr\/en\/wp-json\/wp\/v2\/media?parent=697"}],"curies":[{"name":"wp","href":"https:\/\/api.w.org\/{rel}","templated":true}]}}