{"id":676,"date":"2016-11-04T15:40:05","date_gmt":"2016-11-04T15:40:05","guid":{"rendered":"http:\/\/demowp.cththemes.net\/diopter\/?page_id=676"},"modified":"2016-11-04T15:40:05","modified_gmt":"2016-11-04T15:40:05","slug":"home-kenburns","status":"publish","type":"page","link":"http:\/\/leras.com.tr\/en\/home-kenburns\/","title":{"rendered":"Home &#8211; Kenburns"},"content":{"rendered":"<p>[vc_row cth_layout=&#8221;inshot_homefullheight_sec&#8221; is_fullwidth=&#8221;yes&#8221;][vc_column css=&#8221;.vc_custom_1504804399306{padding-right: 0px !important;padding-left: 0px !important;}&#8221;][inshot_home_slideshow use_kenburns=&#8221;yes&#8221; mousewheel=&#8221;yes&#8221;]<\/p>\n<h2>Inshot Photography<br \/>\nStudio<\/h2>\n<div class=\"clearfix\"><\/div>\n<p>All the Lorem Ipsum generators on the Internet tend to repeat predefined chunks as necessary .<\/p>\n<div class=\"clearfix\"><\/div>\n<p><a class=\"btn float-btn flat-btn\" href=\"http:\/\/demowp.cththemes.com\/inshot\/portfolio\/\">Our portfolio<\/a>[\/inshot_home_slideshow][\/vc_column][\/vc_row]<\/p>\n","protected":false},"excerpt":{"rendered":"<p>[vc_row cth_layout=&#8221;inshot_homefullheight_sec&#8221; is_fullwidth=&#8221;yes&#8221;][vc_column css=&#8221;.vc_custom_1504804399306{padding-right: 0px !important;padding-left: 0px !important;}&#8221;][inshot_home_slideshow use_kenburns=&#8221;yes&#8221; mousewheel=&#8221;yes&#8221;] Inshot Photography Studio All the Lorem Ipsum generators on the Internet tend to repeat predefined chunks as necessary . Our portfolio[\/inshot_home_slideshow][\/vc_column][\/vc_row]<\/p>\n","protected":false},"author":1,"featured_media":0,"parent":0,"menu_order":0,"comment_status":"closed","ping_status":"closed","template":"home-fullscreen.php","meta":{"_monsterinsights_skip_tracking":false,"_monsterinsights_sitenote_active":false,"_monsterinsights_sitenote_note":"","_monsterinsights_sitenote_category":0,"footnotes":""},"translation":{"provider":"WPGlobus","version":"3.0.2","language":"en","enabled_languages":["tr","en"],"languages":{"tr":{"title":true,"content":true,"excerpt":false},"en":{"title":false,"content":false,"excerpt":false}}},"yoast_head":"<!-- This site is optimized with the Yoast SEO plugin v22.0 - https:\/\/yoast.com\/wordpress\/plugins\/seo\/ -->\n<title>Home - Kenburns - Leras Tekstil Kuma\u015f\u00e7\u0131l\u0131k<\/title>\n<meta name=\"robots\" content=\"index, follow, max-snippet:-1, max-image-preview:large, max-video-preview:-1\" \/>\n<link rel=\"canonical\" href=\"http:\/\/leras.com.tr\/en\/home-kenburns\/\" \/>\n<meta property=\"og:locale\" content=\"en_US\" \/>\n<meta property=\"og:type\" content=\"article\" \/>\n<meta property=\"og:title\" content=\"Home - Kenburns - Leras Tekstil Kuma\u015f\u00e7\u0131l\u0131k\" \/>\n<meta property=\"og:url\" content=\"http:\/\/leras.com.tr\/en\/home-kenburns\/\" \/>\n<meta property=\"og:site_name\" content=\"Leras Tekstil Kuma\u015f\u00e7\u0131l\u0131k\" \/>\n<meta name=\"twitter:card\" content=\"summary_large_image\" \/>\n<script type=\"application\/ld+json\" class=\"yoast-schema-graph\">{\"@context\":\"https:\/\/schema.org\",\"@graph\":[{\"@type\":\"WebPage\",\"@id\":\"http:\/\/leras.com.tr\/en\/home-kenburns\/\",\"url\":\"http:\/\/leras.com.tr\/en\/home-kenburns\/\",\"name\":\"Home - Kenburns - Leras Tekstil Kuma\u015f\u00e7\u0131l\u0131k\",\"isPartOf\":{\"@id\":\"http:\/\/leras.com.tr\/en\/#website\"},\"datePublished\":\"2016-11-04T15:40:05+00:00\",\"dateModified\":\"2016-11-04T15:40:05+00:00\",\"breadcrumb\":{\"@id\":\"http:\/\/leras.com.tr\/en\/home-kenburns\/#breadcrumb\"},\"inLanguage\":\"en-US\",\"potentialAction\":[{\"@type\":\"ReadAction\",\"target\":[\"http:\/\/leras.com.tr\/en\/home-kenburns\/\"]}]},{\"@type\":\"BreadcrumbList\",\"@id\":\"http:\/\/leras.com.tr\/en\/home-kenburns\/#breadcrumb\",\"itemListElement\":[{\"@type\":\"ListItem\",\"position\":1,\"name\":\"Ana sayfa\",\"item\":\"https:\/\/leras.com.tr\/\"},{\"@type\":\"ListItem\",\"position\":2,\"name\":\"Home &#8211; Kenburns\"}]},{\"@type\":\"WebSite\",\"@id\":\"http:\/\/leras.com.tr\/en\/#website\",\"url\":\"http:\/\/leras.com.tr\/en\/\",\"name\":\"Leras Tekstil Kuma\u015f\u00e7\u0131l\u0131k\",\"description\":\"\",\"publisher\":{\"@id\":\"http:\/\/leras.com.tr\/en\/#organization\"},\"potentialAction\":[{\"@type\":\"SearchAction\",\"target\":{\"@type\":\"EntryPoint\",\"urlTemplate\":\"http:\/\/leras.com.tr\/en\/?s={search_term_string}\"},\"query-input\":\"required name=search_term_string\"}],\"inLanguage\":\"en-US\"},{\"@type\":\"Organization\",\"@id\":\"http:\/\/leras.com.tr\/en\/#organization\",\"name\":\"Leras Dantel & Aksesuar\",\"url\":\"http:\/\/leras.com.tr\/en\/\",\"logo\":{\"@type\":\"ImageObject\",\"inLanguage\":\"en-US\",\"@id\":\"http:\/\/leras.com.tr\/en\/#\/schema\/logo\/image\/\",\"url\":\"https:\/\/leras.com.tr\/wp-content\/uploads\/2018\/03\/cropped-LerasLogo-05.png\",\"contentUrl\":\"https:\/\/leras.com.tr\/wp-content\/uploads\/2018\/03\/cropped-LerasLogo-05.png\",\"width\":249,\"height\":250,\"caption\":\"Leras Dantel & Aksesuar\"},\"image\":{\"@id\":\"http:\/\/leras.com.tr\/en\/#\/schema\/logo\/image\/\"}}]}<\/script>\n<!-- \/ Yoast SEO plugin. -->","yoast_head_json":{"title":"Home - Kenburns - Leras Tekstil Kuma\u015f\u00e7\u0131l\u0131k","robots":{"index":"index","follow":"follow","max-snippet":"max-snippet:-1","max-image-preview":"max-image-preview:large","max-video-preview":"max-video-preview:-1"},"canonical":"http:\/\/leras.com.tr\/en\/home-kenburns\/","og_locale":"en_US","og_type":"article","og_title":"Home - Kenburns - Leras Tekstil Kuma\u015f\u00e7\u0131l\u0131k","og_url":"http:\/\/leras.com.tr\/en\/home-kenburns\/","og_site_name":"Leras Tekstil Kuma\u015f\u00e7\u0131l\u0131k","twitter_card":"summary_large_image","schema":{"@context":"https:\/\/schema.org","@graph":[{"@type":"WebPage","@id":"http:\/\/leras.com.tr\/en\/home-kenburns\/","url":"http:\/\/leras.com.tr\/en\/home-kenburns\/","name":"Home - Kenburns - Leras Tekstil Kuma\u015f\u00e7\u0131l\u0131k","isPartOf":{"@id":"http:\/\/leras.com.tr\/en\/#website"},"datePublished":"2016-11-04T15:40:05+00:00","dateModified":"2016-11-04T15:40:05+00:00","breadcrumb":{"@id":"http:\/\/leras.com.tr\/en\/home-kenburns\/#breadcrumb"},"inLanguage":"en-US","potentialAction":[{"@type":"ReadAction","target":["http:\/\/leras.com.tr\/en\/home-kenburns\/"]}]},{"@type":"BreadcrumbList","@id":"http:\/\/leras.com.tr\/en\/home-kenburns\/#breadcrumb","itemListElement":[{"@type":"ListItem","position":1,"name":"Ana sayfa","item":"https:\/\/leras.com.tr\/"},{"@type":"ListItem","position":2,"name":"Home &#8211; Kenburns"}]},{"@type":"WebSite","@id":"http:\/\/leras.com.tr\/en\/#website","url":"http:\/\/leras.com.tr\/en\/","name":"Leras Tekstil Kuma\u015f\u00e7\u0131l\u0131k","description":"","publisher":{"@id":"http:\/\/leras.com.tr\/en\/#organization"},"potentialAction":[{"@type":"SearchAction","target":{"@type":"EntryPoint","urlTemplate":"http:\/\/leras.com.tr\/en\/?s={search_term_string}"},"query-input":"required name=search_term_string"}],"inLanguage":"en-US"},{"@type":"Organization","@id":"http:\/\/leras.com.tr\/en\/#organization","name":"Leras Dantel & Aksesuar","url":"http:\/\/leras.com.tr\/en\/","logo":{"@type":"ImageObject","inLanguage":"en-US","@id":"http:\/\/leras.com.tr\/en\/#\/schema\/logo\/image\/","url":"https:\/\/leras.com.tr\/wp-content\/uploads\/2018\/03\/cropped-LerasLogo-05.png","contentUrl":"https:\/\/leras.com.tr\/wp-content\/uploads\/2018\/03\/cropped-LerasLogo-05.png","width":249,"height":250,"caption":"Leras Dantel & Aksesuar"},"image":{"@id":"http:\/\/leras.com.tr\/en\/#\/schema\/logo\/image\/"}}]}},"_links":{"self":[{"href":"http:\/\/leras.com.tr\/en\/wp-json\/wp\/v2\/pages\/676"}],"collection":[{"href":"http:\/\/leras.com.tr\/en\/wp-json\/wp\/v2\/pages"}],"about":[{"href":"http:\/\/leras.com.tr\/en\/wp-json\/wp\/v2\/types\/page"}],"author":[{"embeddable":true,"href":"http:\/\/leras.com.tr\/en\/wp-json\/wp\/v2\/users\/1"}],"replies":[{"embeddable":true,"href":"http:\/\/leras.com.tr\/en\/wp-json\/wp\/v2\/comments?post=676"}],"version-history":[{"count":0,"href":"http:\/\/leras.com.tr\/en\/wp-json\/wp\/v2\/pages\/676\/revisions"}],"wp:attachment":[{"href":"http:\/\/leras.com.tr\/en\/wp-json\/wp\/v2\/media?parent=676"}],"curies":[{"name":"wp","href":"https:\/\/api.w.org\/{rel}","templated":true}]}}