{"id":572,"date":"2016-10-14T16:24:50","date_gmt":"2016-10-14T16:24:50","guid":{"rendered":"http:\/\/demowp.cththemes.net\/diopter\/?page_id=572"},"modified":"2016-10-14T16:24:50","modified_gmt":"2016-10-14T16:24:50","slug":"about-2","status":"publish","type":"page","link":"http:\/\/leras.com.tr\/en\/about-2\/","title":{"rendered":"About 2"},"content":{"rendered":"<p>[vc_row cth_layout=&#8221;inshot_page_sec&#8221;][vc_column][inshot_section_title title_text=&#8221;About us&#8221; subtitle_text=&#8221;Lorem Ipsum generators on the Internet tend to repeat king this the first true generator .&#8221;][\/inshot_section_title][vc_column_text]<\/p>\n<p>Praesent nec leo venenatis elit semper aliquet id ac enim. Maecenas nec mi leo. Etiam venenatis ut dui non hendrerit. Integer dictum, diam vitae blandit accumsan, dolor odio tempus arcu, vel ultrices nisi nibh vitae ligula. Lorem ipsum dolor sit amet, consectetur adipiscing elit. Morbi varius lacinia vestibulum. Aliquam lobortis facilisis tellus, in facilisis ex vehicula ac. In malesuada quis turpis vel viverra.<\/p>\n<p>Praesent nec leo venenatis elit semper aliquet id ac enim. Maecenas nec mi leo. Etiam venenatis ut dui non hendrerit. Integer dictum, diam vitae blandit accumsan, dolor odio tempus arcu, vel ultrices nisi nibh vitae ligula.<\/p>\n<p>[\/vc_column_text][\/vc_column][\/vc_row][vc_row cth_layout=&#8221;inshot_page_sec&#8221; no_padding=&#8221;yes&#8221; css=&#8221;.vc_custom_1500705362771{padding-bottom: 60px !important;}&#8221;][vc_column width=&#8221;1\/2&#8243; offset=&#8221;vc_col-md-3 vc_col-xs-6&#8243;][inshot_counter]<\/p>\n<h6>Finished projects<\/h6>\n<p>[\/inshot_counter][\/vc_column][vc_column width=&#8221;1\/2&#8243; offset=&#8221;vc_col-md-3 vc_col-xs-6&#8243;][inshot_counter]<\/p>\n<h6>Finished projects<\/h6>\n<p>[\/inshot_counter][\/vc_column][vc_column width=&#8221;1\/2&#8243; offset=&#8221;vc_col-md-3 vc_col-xs-6&#8243;][inshot_counter number=&#8221;168&#8243;]<\/p>\n<h6>Happy customers<\/h6>\n<p>[\/inshot_counter][\/vc_column][vc_column width=&#8221;1\/2&#8243; offset=&#8221;vc_col-md-3 vc_col-xs-6&#8243;][inshot_counter number=&#8221;222&#8243; is_last=&#8221;yes&#8221;]<\/p>\n<h6>Working hours<\/h6>\n<p>[\/inshot_counter][\/vc_column][\/vc_row][vc_row cth_layout=&#8221;inshot_page_sec&#8221;][vc_column][inshot_section_title title_text=&#8221;Team&#8221; subtitle_text=&#8221;Lorem Ipsum generators on the Internet tend to repeat king this the first true generator .&#8221;][\/inshot_section_title][vc_column_text]<\/p>\n<p>Praesent nec leo venenatis elit semper aliquet id ac enim. Maecenas nec mi leo. Etiam venenatis ut dui non hendrerit. Integer dictum, diam vitae blandit accumsan, dolor odio tempus arcu, vel ultrices nisi nibh vitae ligula.<\/p>\n<p>[\/vc_column_text][inshot_members count=&#8221;2&#8243;][\/vc_column][\/vc_row][vc_row cth_layout=&#8221;inshot_page_sec&#8221;][vc_column][inshot_section_title title_text=&#8221;Skills&#8221; subtitle_text=&#8221;Lorem Ipsum generators on the Internet tend to repeat king this the first true generator .&#8221;][\/inshot_section_title][vc_column_text]<\/p>\n<p>Excepteur sint occaecat cupidatat non proident, sunt in culpa qui officia deserunt mollit anim id est laborum. Sed ut perspiciatis unde omnis iste natus error sit voluptatem accusantium doloremque laudantium, totam rem aperiam, eaque ipsa quae ab illo inventore veritatis et quasi architecto beatae vitae dicta sunt explicabo.<\/p>\n<p>[\/vc_column_text][inshot_skills values=&#8221;%5B%7B%22label%22%3A%22Photoshop%22%2C%22value%22%3A%2295%22%7D%2C%7B%22label%22%3A%22Illustrator%22%2C%22value%22%3A%2265%22%7D%2C%7B%22label%22%3A%223D%20MAX%22%2C%22value%22%3A%2275%22%7D%2C%7B%22label%22%3A%22Google%20ScketchUp%22%2C%22value%22%3A%2290%22%7D%5D&#8221;][\/vc_column][\/vc_row][vc_row cth_layout=&#8221;inshot_page_sec&#8221;][vc_column][inshot_section_title title_text=&#8221;Services&#8221; subtitle_text=&#8221;Lorem Ipsum generators on the Internet tend to repeat king this the first true generator .&#8221;][\/inshot_section_title][vc_column_text]<\/p>\n<p>Nulla scelerisque, enim id elementum suscipit, magna odio fermentum arcu, nec dictum nibh nibh et magna. Vestibulum id ultricies purus, eget ullamcorper risus. Sed blandit, dolor id aliquam vestibulum, nibh elit imperdiet turpis, quis molestie quam erat vel nisi.<\/p>\n<p>[\/vc_column_text][vc_row_inner][vc_column_inner width=&#8221;1\/2&#8243;][inshot_service ser_img=&#8221;1555&#8243;]Sed blandit, dolor id aliquam vestibulum, nibh elit imperdiet turpis, quis molestie quam erat vel nisi.<\/p>\n<ul>\n<li><a href=\"#\">Portraits<\/a><\/li>\n<li><a href=\"#\">Weddings<\/a><\/li>\n<li><a href=\"#\">Commercials<\/a><\/li>\n<\/ul>\n<p>[\/inshot_service][\/vc_column_inner][vc_column_inner width=&#8221;1\/2&#8243;][inshot_service ser_title=&#8221;Commercial Photography&#8221; ser_img=&#8221;1554&#8243; ser_price=&#8221;-span- Price: -span- $350-$900&#8243;]<\/p>\n<p>Sed blandit, dolor id aliquam vestibulum, nibh elit imperdiet turpis, quis molestie quam erat vel nisi.<\/p>\n<ul>\n<li><a href=\"#\">Filming<\/a><\/li>\n<li><a href=\"#\">Montage<\/a><\/li>\n<li><a href=\"#\">Slow motion<\/a><\/li>\n<\/ul>\n<p>[\/inshot_service][\/vc_column_inner][\/vc_row_inner][\/vc_column][\/vc_row][vc_row cth_layout=&#8221;inshot_page_sec&#8221;][vc_column][inshot_section_title title_text=&#8221;Testimonilas&#8221; subtitle_text=&#8221;Lorem Ipsum generators on the Internet tend to repeat king this the first true generator .&#8221;][\/inshot_section_title][vc_column_text]<\/p>\n<p>Nulla scelerisque, enim id elementum suscipit, magna odio fermentum arcu, nec dictum nibh nibh et magna. Vestibulum id ultricies purus, eget ullamcorper risus. Sed blandit, dolor id aliquam vestibulum, nibh elit imperdiet turpis, quis molestie quam erat vel nisi.<\/p>\n<p>[\/vc_column_text][inshot_testimonials][\/vc_column][\/vc_row]<\/p>\n","protected":false},"excerpt":{"rendered":"<p>[vc_row cth_layout=&#8221;inshot_page_sec&#8221;][vc_column][inshot_section_title title_text=&#8221;About us&#8221; subtitle_text=&#8221;Lorem Ipsum generators on the Internet tend to repeat king this the first true generator .&#8221;][\/inshot_section_title][vc_column_text] Praesent nec leo venenatis elit semper aliquet id ac enim. Maecenas nec mi leo. Etiam venenatis ut dui non hendrerit. Integer dictum, diam vitae blandit accumsan, dolor odio tempus arcu, vel ultrices nisi nibh vitae &hellip; <\/p>\n","protected":false},"author":1,"featured_media":0,"parent":0,"menu_order":0,"comment_status":"closed","ping_status":"closed","template":"page-column-grid.php","meta":{"_monsterinsights_skip_tracking":false,"_monsterinsights_sitenote_active":false,"_monsterinsights_sitenote_note":"","_monsterinsights_sitenote_category":0,"footnotes":""},"translation":{"provider":"WPGlobus","version":"3.0.2","language":"en","enabled_languages":["tr","en"],"languages":{"tr":{"title":true,"content":true,"excerpt":false},"en":{"title":false,"content":false,"excerpt":false}}},"yoast_head":"<!-- This site is optimized with the Yoast SEO plugin v22.0 - https:\/\/yoast.com\/wordpress\/plugins\/seo\/ -->\n<title>About 2 - Leras Tekstil Kuma\u015f\u00e7\u0131l\u0131k<\/title>\n<meta name=\"robots\" content=\"index, follow, max-snippet:-1, max-image-preview:large, max-video-preview:-1\" \/>\n<link rel=\"canonical\" href=\"http:\/\/leras.com.tr\/en\/about-2\/\" \/>\n<meta property=\"og:locale\" content=\"en_US\" \/>\n<meta property=\"og:type\" content=\"article\" \/>\n<meta property=\"og:title\" content=\"About 2 - Leras Tekstil Kuma\u015f\u00e7\u0131l\u0131k\" \/>\n<meta property=\"og:url\" content=\"http:\/\/leras.com.tr\/en\/about-2\/\" \/>\n<meta property=\"og:site_name\" content=\"Leras Tekstil Kuma\u015f\u00e7\u0131l\u0131k\" \/>\n<meta name=\"twitter:card\" content=\"summary_large_image\" \/>\n<meta name=\"twitter:label1\" content=\"Est. reading time\" \/>\n\t<meta name=\"twitter:data1\" content=\"4 minutes\" \/>\n<script type=\"application\/ld+json\" class=\"yoast-schema-graph\">{\"@context\":\"https:\/\/schema.org\",\"@graph\":[{\"@type\":\"WebPage\",\"@id\":\"http:\/\/leras.com.tr\/en\/about-2\/\",\"url\":\"http:\/\/leras.com.tr\/en\/about-2\/\",\"name\":\"About 2 - Leras Tekstil Kuma\u015f\u00e7\u0131l\u0131k\",\"isPartOf\":{\"@id\":\"http:\/\/leras.com.tr\/en\/#website\"},\"datePublished\":\"2016-10-14T16:24:50+00:00\",\"dateModified\":\"2016-10-14T16:24:50+00:00\",\"breadcrumb\":{\"@id\":\"http:\/\/leras.com.tr\/en\/about-2\/#breadcrumb\"},\"inLanguage\":\"en-US\",\"potentialAction\":[{\"@type\":\"ReadAction\",\"target\":[\"http:\/\/leras.com.tr\/en\/about-2\/\"]}]},{\"@type\":\"BreadcrumbList\",\"@id\":\"http:\/\/leras.com.tr\/en\/about-2\/#breadcrumb\",\"itemListElement\":[{\"@type\":\"ListItem\",\"position\":1,\"name\":\"Ana sayfa\",\"item\":\"https:\/\/leras.com.tr\/en\/\"},{\"@type\":\"ListItem\",\"position\":2,\"name\":\"About 2\"}]},{\"@type\":\"WebSite\",\"@id\":\"http:\/\/leras.com.tr\/en\/#website\",\"url\":\"http:\/\/leras.com.tr\/en\/\",\"name\":\"Leras Tekstil Kuma\u015f\u00e7\u0131l\u0131k\",\"description\":\"\",\"publisher\":{\"@id\":\"http:\/\/leras.com.tr\/en\/#organization\"},\"potentialAction\":[{\"@type\":\"SearchAction\",\"target\":{\"@type\":\"EntryPoint\",\"urlTemplate\":\"http:\/\/leras.com.tr\/en\/?s={search_term_string}\"},\"query-input\":\"required name=search_term_string\"}],\"inLanguage\":\"en-US\"},{\"@type\":\"Organization\",\"@id\":\"http:\/\/leras.com.tr\/en\/#organization\",\"name\":\"Leras Dantel & Aksesuar\",\"url\":\"http:\/\/leras.com.tr\/en\/\",\"logo\":{\"@type\":\"ImageObject\",\"inLanguage\":\"en-US\",\"@id\":\"http:\/\/leras.com.tr\/en\/#\/schema\/logo\/image\/\",\"url\":\"https:\/\/leras.com.tr\/wp-content\/uploads\/2018\/03\/cropped-LerasLogo-05.png\",\"contentUrl\":\"https:\/\/leras.com.tr\/wp-content\/uploads\/2018\/03\/cropped-LerasLogo-05.png\",\"width\":249,\"height\":250,\"caption\":\"Leras Dantel & Aksesuar\"},\"image\":{\"@id\":\"http:\/\/leras.com.tr\/en\/#\/schema\/logo\/image\/\"}}]}<\/script>\n<!-- \/ Yoast SEO plugin. -->","yoast_head_json":{"title":"About 2 - Leras Tekstil Kuma\u015f\u00e7\u0131l\u0131k","robots":{"index":"index","follow":"follow","max-snippet":"max-snippet:-1","max-image-preview":"max-image-preview:large","max-video-preview":"max-video-preview:-1"},"canonical":"http:\/\/leras.com.tr\/en\/about-2\/","og_locale":"en_US","og_type":"article","og_title":"About 2 - Leras Tekstil Kuma\u015f\u00e7\u0131l\u0131k","og_url":"http:\/\/leras.com.tr\/en\/about-2\/","og_site_name":"Leras Tekstil Kuma\u015f\u00e7\u0131l\u0131k","twitter_card":"summary_large_image","twitter_misc":{"Est. reading time":"4 minutes"},"schema":{"@context":"https:\/\/schema.org","@graph":[{"@type":"WebPage","@id":"http:\/\/leras.com.tr\/en\/about-2\/","url":"http:\/\/leras.com.tr\/en\/about-2\/","name":"About 2 - Leras Tekstil Kuma\u015f\u00e7\u0131l\u0131k","isPartOf":{"@id":"http:\/\/leras.com.tr\/en\/#website"},"datePublished":"2016-10-14T16:24:50+00:00","dateModified":"2016-10-14T16:24:50+00:00","breadcrumb":{"@id":"http:\/\/leras.com.tr\/en\/about-2\/#breadcrumb"},"inLanguage":"en-US","potentialAction":[{"@type":"ReadAction","target":["http:\/\/leras.com.tr\/en\/about-2\/"]}]},{"@type":"BreadcrumbList","@id":"http:\/\/leras.com.tr\/en\/about-2\/#breadcrumb","itemListElement":[{"@type":"ListItem","position":1,"name":"Ana sayfa","item":"https:\/\/leras.com.tr\/en\/"},{"@type":"ListItem","position":2,"name":"About 2"}]},{"@type":"WebSite","@id":"http:\/\/leras.com.tr\/en\/#website","url":"http:\/\/leras.com.tr\/en\/","name":"Leras Tekstil Kuma\u015f\u00e7\u0131l\u0131k","description":"","publisher":{"@id":"http:\/\/leras.com.tr\/en\/#organization"},"potentialAction":[{"@type":"SearchAction","target":{"@type":"EntryPoint","urlTemplate":"http:\/\/leras.com.tr\/en\/?s={search_term_string}"},"query-input":"required name=search_term_string"}],"inLanguage":"en-US"},{"@type":"Organization","@id":"http:\/\/leras.com.tr\/en\/#organization","name":"Leras Dantel & Aksesuar","url":"http:\/\/leras.com.tr\/en\/","logo":{"@type":"ImageObject","inLanguage":"en-US","@id":"http:\/\/leras.com.tr\/en\/#\/schema\/logo\/image\/","url":"https:\/\/leras.com.tr\/wp-content\/uploads\/2018\/03\/cropped-LerasLogo-05.png","contentUrl":"https:\/\/leras.com.tr\/wp-content\/uploads\/2018\/03\/cropped-LerasLogo-05.png","width":249,"height":250,"caption":"Leras Dantel & Aksesuar"},"image":{"@id":"http:\/\/leras.com.tr\/en\/#\/schema\/logo\/image\/"}}]}},"_links":{"self":[{"href":"http:\/\/leras.com.tr\/en\/wp-json\/wp\/v2\/pages\/572"}],"collection":[{"href":"http:\/\/leras.com.tr\/en\/wp-json\/wp\/v2\/pages"}],"about":[{"href":"http:\/\/leras.com.tr\/en\/wp-json\/wp\/v2\/types\/page"}],"author":[{"embeddable":true,"href":"http:\/\/leras.com.tr\/en\/wp-json\/wp\/v2\/users\/1"}],"replies":[{"embeddable":true,"href":"http:\/\/leras.com.tr\/en\/wp-json\/wp\/v2\/comments?post=572"}],"version-history":[{"count":0,"href":"http:\/\/leras.com.tr\/en\/wp-json\/wp\/v2\/pages\/572\/revisions"}],"wp:attachment":[{"href":"http:\/\/leras.com.tr\/en\/wp-json\/wp\/v2\/media?parent=572"}],"curies":[{"name":"wp","href":"https:\/\/api.w.org\/{rel}","templated":true}]}}