{"id":545,"date":"2016-10-14T09:44:04","date_gmt":"2016-10-14T09:44:04","guid":{"rendered":"http:\/\/demowp.cththemes.net\/diopter\/?page_id=545"},"modified":"2021-06-29T09:18:49","modified_gmt":"2021-06-29T06:18:49","slug":"home-carousel","status":"publish","type":"page","link":"http:\/\/leras.com.tr\/en\/","title":{"rendered":"Leras Textile Fabric"},"content":{"rendered":"<p>[vc_row cth_layout=&#8221;inshot_homefullheight_sec&#8221; is_fullwidth=&#8221;yes&#8221;][vc_column css=&#8221;.vc_custom_1505709035752{padding-right: 0px !important;padding-left: 0px !important;}&#8221;][vc_column_text]<div class=\"wp_swiper_slider_wrapper\" style=\"position: relative; overflow: hidden; \"><div class=\"wp_swiper_nav_prev\" style=\"left: 0; height: 30px; width: 30px; position: absolute; z-index: 99;bottom: 0; \"><\/div><div class=\"swiper-wrapper\">\r\n\t\t\t\t\t<img class='swiper-slide' src='http:\/\/leras.com.tr\/wp-content\/uploads\/2018\/04\/Untitled-4-1.jpg' \/>\r\n\t\t\t\t\t<img class='swiper-slide' src='http:\/\/leras.com.tr\/wp-content\/uploads\/2018\/04\/Untitled-4-1-1.jpg' \/>\r\n\t\t\t\t\t<img class='swiper-slide' src='http:\/\/leras.com.tr\/wp-content\/uploads\/2018\/04\/Untitled-4-2-1.jpg' \/><\/div><div class=\"wp_swiper_nav_next\" style=\"right: 0; height: 30px; width: 30px; position: absolute; z-index: 99;bottom: 0; \"><\/div><\/div><script>\r\n\t\t\t\tjQuery(document).ready(function($){\r\n\t\t\t\t\tvar wp_swiper = new Swiper(\".wp_swiper_slider_wrapper\", {\r\n\t\t\t\t\t\tautoplay: 4000,speed: 4000,paginationType: \"progress\",prevButton: \".wp_swiper_nav_prev\",nextButton: \".wp_swiper_nav_next\",\r\n\t\t\t\t\t});\r\n\t\t\t\t});\r\n\t\t\t<\/script>[\/vc_column_text][\/vc_column][\/vc_row]<\/p>\n","protected":false},"excerpt":{"rendered":"<p>[vc_row cth_layout=&#8221;inshot_homefullheight_sec&#8221; is_fullwidth=&#8221;yes&#8221;][vc_column css=&#8221;.vc_custom_1505709035752{padding-right: 0px !important;padding-left: 0px !important;}&#8221;][vc_column_text][\/vc_column_text][\/vc_column][\/vc_row]<\/p>\n","protected":false},"author":1,"featured_media":0,"parent":0,"menu_order":0,"comment_status":"closed","ping_status":"closed","template":"home-fullscreen.php","meta":{"_monsterinsights_skip_tracking":false,"_monsterinsights_sitenote_active":false,"_monsterinsights_sitenote_note":"","_monsterinsights_sitenote_category":0,"footnotes":""},"translation":{"provider":"WPGlobus","version":"3.0.2","language":"en","enabled_languages":["tr","en"],"languages":{"tr":{"title":true,"content":true,"excerpt":false},"en":{"title":true,"content":false,"excerpt":false}}},"yoast_head":"<!-- This site is optimized with the Yoast SEO plugin v22.0 - https:\/\/yoast.com\/wordpress\/plugins\/seo\/ -->\n<title>Leras Textile Fabric - Leras Tekstil Kuma\u015f\u00e7\u0131l\u0131k<\/title>\n<meta name=\"robots\" content=\"index, follow, max-snippet:-1, max-image-preview:large, max-video-preview:-1\" \/>\n<link rel=\"canonical\" href=\"http:\/\/leras.com.tr\/en\/\" \/>\n<meta property=\"og:locale\" content=\"en_US\" \/>\n<meta property=\"og:type\" content=\"article\" \/>\n<meta property=\"og:title\" content=\"Leras Textile Fabric - Leras Tekstil Kuma\u015f\u00e7\u0131l\u0131k\" \/>\n<meta property=\"og:url\" content=\"http:\/\/leras.com.tr\/en\/\" \/>\n<meta property=\"og:site_name\" content=\"Leras Tekstil Kuma\u015f\u00e7\u0131l\u0131k\" \/>\n<meta property=\"article:modified_time\" content=\"2021-06-29T06:18:49+00:00\" \/>\n<meta name=\"twitter:card\" content=\"summary_large_image\" \/>\n<script type=\"application\/ld+json\" class=\"yoast-schema-graph\">{\"@context\":\"https:\/\/schema.org\",\"@graph\":[{\"@type\":\"WebPage\",\"@id\":\"http:\/\/leras.com.tr\/en\/\",\"url\":\"http:\/\/leras.com.tr\/en\/\",\"name\":\"Leras Textile Fabric - Leras Tekstil Kuma\u015f\u00e7\u0131l\u0131k\",\"isPartOf\":{\"@id\":\"http:\/\/leras.com.tr\/en\/#website\"},\"datePublished\":\"2016-10-14T09:44:04+00:00\",\"dateModified\":\"2021-06-29T06:18:49+00:00\",\"breadcrumb\":{\"@id\":\"http:\/\/leras.com.tr\/en\/#breadcrumb\"},\"inLanguage\":\"en-US\",\"potentialAction\":[{\"@type\":\"ReadAction\",\"target\":[\"http:\/\/leras.com.tr\/en\/\"]}]},{\"@type\":\"BreadcrumbList\",\"@id\":\"http:\/\/leras.com.tr\/en\/#breadcrumb\",\"itemListElement\":[{\"@type\":\"ListItem\",\"position\":1,\"name\":\"Ana sayfa\",\"item\":\"https:\/\/leras.com.tr\/\"},{\"@type\":\"ListItem\",\"position\":2,\"name\":\"Leras Tekstil Kuma\u015f\u00e7\u0131l\u0131k San ve Tic A.\u015e\"}]},{\"@type\":\"WebSite\",\"@id\":\"http:\/\/leras.com.tr\/en\/#website\",\"url\":\"http:\/\/leras.com.tr\/en\/\",\"name\":\"Leras Tekstil Kuma\u015f\u00e7\u0131l\u0131k\",\"description\":\"\",\"publisher\":{\"@id\":\"http:\/\/leras.com.tr\/en\/#organization\"},\"potentialAction\":[{\"@type\":\"SearchAction\",\"target\":{\"@type\":\"EntryPoint\",\"urlTemplate\":\"http:\/\/leras.com.tr\/en\/?s={search_term_string}\"},\"query-input\":\"required name=search_term_string\"}],\"inLanguage\":\"en-US\"},{\"@type\":\"Organization\",\"@id\":\"http:\/\/leras.com.tr\/en\/#organization\",\"name\":\"Leras Dantel & Aksesuar\",\"url\":\"http:\/\/leras.com.tr\/en\/\",\"logo\":{\"@type\":\"ImageObject\",\"inLanguage\":\"en-US\",\"@id\":\"http:\/\/leras.com.tr\/en\/#\/schema\/logo\/image\/\",\"url\":\"https:\/\/leras.com.tr\/wp-content\/uploads\/2018\/03\/cropped-LerasLogo-05.png\",\"contentUrl\":\"https:\/\/leras.com.tr\/wp-content\/uploads\/2018\/03\/cropped-LerasLogo-05.png\",\"width\":249,\"height\":250,\"caption\":\"Leras Dantel & Aksesuar\"},\"image\":{\"@id\":\"http:\/\/leras.com.tr\/en\/#\/schema\/logo\/image\/\"}}]}<\/script>\n<!-- \/ Yoast SEO plugin. -->","yoast_head_json":{"title":"Leras Textile Fabric - Leras Tekstil Kuma\u015f\u00e7\u0131l\u0131k","robots":{"index":"index","follow":"follow","max-snippet":"max-snippet:-1","max-image-preview":"max-image-preview:large","max-video-preview":"max-video-preview:-1"},"canonical":"http:\/\/leras.com.tr\/en\/","og_locale":"en_US","og_type":"article","og_title":"Leras Textile Fabric - Leras Tekstil Kuma\u015f\u00e7\u0131l\u0131k","og_url":"http:\/\/leras.com.tr\/en\/","og_site_name":"Leras Tekstil Kuma\u015f\u00e7\u0131l\u0131k","article_modified_time":"2021-06-29T06:18:49+00:00","twitter_card":"summary_large_image","schema":{"@context":"https:\/\/schema.org","@graph":[{"@type":"WebPage","@id":"http:\/\/leras.com.tr\/en\/","url":"http:\/\/leras.com.tr\/en\/","name":"Leras Textile Fabric - Leras Tekstil Kuma\u015f\u00e7\u0131l\u0131k","isPartOf":{"@id":"http:\/\/leras.com.tr\/en\/#website"},"datePublished":"2016-10-14T09:44:04+00:00","dateModified":"2021-06-29T06:18:49+00:00","breadcrumb":{"@id":"http:\/\/leras.com.tr\/en\/#breadcrumb"},"inLanguage":"en-US","potentialAction":[{"@type":"ReadAction","target":["http:\/\/leras.com.tr\/en\/"]}]},{"@type":"BreadcrumbList","@id":"http:\/\/leras.com.tr\/en\/#breadcrumb","itemListElement":[{"@type":"ListItem","position":1,"name":"Ana sayfa","item":"https:\/\/leras.com.tr\/"},{"@type":"ListItem","position":2,"name":"Leras Tekstil Kuma\u015f\u00e7\u0131l\u0131k San ve Tic A.\u015e"}]},{"@type":"WebSite","@id":"http:\/\/leras.com.tr\/en\/#website","url":"http:\/\/leras.com.tr\/en\/","name":"Leras Tekstil Kuma\u015f\u00e7\u0131l\u0131k","description":"","publisher":{"@id":"http:\/\/leras.com.tr\/en\/#organization"},"potentialAction":[{"@type":"SearchAction","target":{"@type":"EntryPoint","urlTemplate":"http:\/\/leras.com.tr\/en\/?s={search_term_string}"},"query-input":"required name=search_term_string"}],"inLanguage":"en-US"},{"@type":"Organization","@id":"http:\/\/leras.com.tr\/en\/#organization","name":"Leras Dantel & Aksesuar","url":"http:\/\/leras.com.tr\/en\/","logo":{"@type":"ImageObject","inLanguage":"en-US","@id":"http:\/\/leras.com.tr\/en\/#\/schema\/logo\/image\/","url":"https:\/\/leras.com.tr\/wp-content\/uploads\/2018\/03\/cropped-LerasLogo-05.png","contentUrl":"https:\/\/leras.com.tr\/wp-content\/uploads\/2018\/03\/cropped-LerasLogo-05.png","width":249,"height":250,"caption":"Leras Dantel & Aksesuar"},"image":{"@id":"http:\/\/leras.com.tr\/en\/#\/schema\/logo\/image\/"}}]}},"_links":{"self":[{"href":"http:\/\/leras.com.tr\/en\/wp-json\/wp\/v2\/pages\/545"}],"collection":[{"href":"http:\/\/leras.com.tr\/en\/wp-json\/wp\/v2\/pages"}],"about":[{"href":"http:\/\/leras.com.tr\/en\/wp-json\/wp\/v2\/types\/page"}],"author":[{"embeddable":true,"href":"http:\/\/leras.com.tr\/en\/wp-json\/wp\/v2\/users\/1"}],"replies":[{"embeddable":true,"href":"http:\/\/leras.com.tr\/en\/wp-json\/wp\/v2\/comments?post=545"}],"version-history":[{"count":122,"href":"http:\/\/leras.com.tr\/en\/wp-json\/wp\/v2\/pages\/545\/revisions"}],"predecessor-version":[{"id":5628,"href":"http:\/\/leras.com.tr\/en\/wp-json\/wp\/v2\/pages\/545\/revisions\/5628"}],"wp:attachment":[{"href":"http:\/\/leras.com.tr\/en\/wp-json\/wp\/v2\/media?parent=545"}],"curies":[{"name":"wp","href":"https:\/\/api.w.org\/{rel}","templated":true}]}}