{"id":3053,"date":"2018-03-11T15:49:24","date_gmt":"2018-03-11T12:49:24","guid":{"rendered":"http:\/\/leras.com.tr\/?page_id=3053"},"modified":"2025-12-16T16:30:31","modified_gmt":"2025-12-16T13:30:31","slug":"iletisim","status":"publish","type":"page","link":"http:\/\/leras.com.tr\/en\/iletisim\/","title":{"rendered":"CONTACT"},"content":{"rendered":"<p>[vc_row][vc_column][vc_gmaps link=&#8221;#E-8_JTNDaWZyYW1lJTIwc3JjJTNEJTIyaHR0cHMlM0ElMkYlMkZ3d3cuZ29vZ2xlLmNvbSUyRm1hcHMlMkZlbWJlZCUzRnBiJTNEJTIxMW0xOCUyMTFtMTIlMjExbTMlMjExZDMwMDguNTg2MzU2MDA3Mzc4NSUyMTJkMjguODE5NjYzMzE1ODYyOTclMjEzZDQxLjA1NjE3Mzk3OTI5NTg2JTIxMm0zJTIxMWYwJTIxMmYwJTIxM2YwJTIxM20yJTIxMWkxMDI0JTIxMmk3NjglMjE0ZjEzLjElMjEzbTMlMjExbTIlMjExczB4MTRjYWE0YTk1YjMwZTc4MSUyNTNBMHg2YWM5MTQ4NWYzNDAxYjhhJTIxMnpUR1Z5WVhNZ1JHRnVkR1ZzSUNZZ1FuSnZaR1VnUzNWdFljV2Z3NmZFc1d6RXNXc2dSMlZ1Wld3Z1RXVnlhMlY2JTIxNWUwJTIxM20yJTIxMXN0ciUyMTJzbmwlMjE0djE1MjA3NzI1NDAxNTAlMjIlMjB3aWR0aCUzRCUyMjYwMCUyMiUyMGhlaWdodCUzRCUyMjQ1MCUyMiUyMGZyYW1lYm9yZGVyJTNEJTIyMCUyMiUyMHN0eWxlJTNEJTIyYm9yZGVyJTNBMCUyMiUyMGFsbG93ZnVsbHNjcmVlbiUzRSUzQyUyRmlmcmFtZSUzRQ==&#8221;][vc_column_text]<\/p>\n<p style=\"text-align: center;\"><strong>Headquarter :\u00a0<\/strong>Dilmenler Caddesi No:19 Mahmutbey\/\u0130stanbul Tel: <a href=\"tel:90-212-505-05-05\">+90 (212) <strong>505 0 505 <\/strong><\/a>(pbx) Fax: +90 (212) 539 04 16<\/p>\n<p style=\"text-align: center;\"><strong>Merter Branch :\u00a0<\/strong>\u00a0Fatih Cad No:33 MERTER\/\u0130stanbul Tel: <a href=\"tel:90-212-556-43-44\">+90 (212) 556 43 44<\/a> (pbx) Fax: +90 (212) 539 04 16<\/p>\n<p>[\/vc_column_text][vc_text_separator title=&#8221;Contact Form&#8221;][\/vc_column][\/vc_row][vc_row][vc_column]\n<div class=\"wpcf7 no-js\" id=\"wpcf7-f3054-o1\" lang=\"tr-TR\" dir=\"ltr\">\n<div class=\"screen-reader-response\"><p role=\"status\" aria-live=\"polite\" aria-atomic=\"true\"><\/p> <ul><\/ul><\/div>\n<form action=\"\/en\/wp-json\/wp\/v2\/pages\/3053#wpcf7-f3054-o1\" method=\"post\" class=\"wpcf7-form init\" aria-label=\"Contact form\" novalidate=\"novalidate\" data-status=\"init\">\n<div style=\"display: none;\">\n<input type=\"hidden\" name=\"_wpcf7\" value=\"3054\" \/>\n<input type=\"hidden\" name=\"_wpcf7_version\" value=\"5.8.7\" \/>\n<input type=\"hidden\" name=\"_wpcf7_locale\" value=\"tr_TR\" \/>\n<input type=\"hidden\" name=\"_wpcf7_unit_tag\" value=\"wpcf7-f3054-o1\" \/>\n<input type=\"hidden\" name=\"_wpcf7_container_post\" value=\"0\" \/>\n<input type=\"hidden\" name=\"_wpcf7_posted_data_hash\" value=\"\" \/>\n<\/div>\n<p><label> Your name (*)<br \/>\n<span class=\"wpcf7-form-control-wrap\" data-name=\"your-name\"><input size=\"40\" class=\"wpcf7-form-control wpcf7-text wpcf7-validates-as-required\" aria-required=\"true\" aria-invalid=\"false\" value=\"\" type=\"text\" name=\"your-name\" \/><\/span> <\/label>\n<\/p>\n<p><label> E-mail (*)<br \/>\n<span class=\"wpcf7-form-control-wrap\" data-name=\"your-email\"><input size=\"40\" class=\"wpcf7-form-control wpcf7-email wpcf7-validates-as-required wpcf7-text wpcf7-validates-as-email\" aria-required=\"true\" aria-invalid=\"false\" value=\"\" type=\"email\" name=\"your-email\" \/><\/span> <\/label>\n<\/p>\n<p><label> Subject<br \/>\n<span class=\"wpcf7-form-control-wrap\" data-name=\"your-subject\"><input size=\"40\" class=\"wpcf7-form-control wpcf7-text\" aria-invalid=\"false\" value=\"\" type=\"text\" name=\"your-subject\" \/><\/span> <\/label>\n<\/p>\n<p><label> Message<br \/>\n<span class=\"wpcf7-form-control-wrap\" data-name=\"your-message\"><textarea cols=\"40\" rows=\"10\" class=\"wpcf7-form-control wpcf7-textarea\" aria-invalid=\"false\" name=\"your-message\"><\/textarea><\/span> <\/label>\n<\/p>\n<p><input class=\"wpcf7-form-control wpcf7-submit has-spinner\" type=\"submit\" value=\"Submit\" \/>\n<\/p><div class=\"wpcf7-response-output\" aria-hidden=\"true\"><\/div>\n<\/form>\n<\/div>\n[\/vc_column][\/vc_row]<\/p>\n","protected":false},"excerpt":{"rendered":"<p>[vc_row][vc_column][vc_gmaps link=&#8221;#E-8_JTNDaWZyYW1lJTIwc3JjJTNEJTIyaHR0cHMlM0ElMkYlMkZ3d3cuZ29vZ2xlLmNvbSUyRm1hcHMlMkZlbWJlZCUzRnBiJTNEJTIxMW0xOCUyMTFtMTIlMjExbTMlMjExZDMwMDguNTg2MzU2MDA3Mzc4NSUyMTJkMjguODE5NjYzMzE1ODYyOTclMjEzZDQxLjA1NjE3Mzk3OTI5NTg2JTIxMm0zJTIxMWYwJTIxMmYwJTIxM2YwJTIxM20yJTIxMWkxMDI0JTIxMmk3NjglMjE0ZjEzLjElMjEzbTMlMjExbTIlMjExczB4MTRjYWE0YTk1YjMwZTc4MSUyNTNBMHg2YWM5MTQ4NWYzNDAxYjhhJTIxMnpUR1Z5WVhNZ1JHRnVkR1ZzSUNZZ1FuSnZaR1VnUzNWdFljV2Z3NmZFc1d6RXNXc2dSMlZ1Wld3Z1RXVnlhMlY2JTIxNWUwJTIxM20yJTIxMXN0ciUyMTJzbmwlMjE0djE1MjA3NzI1NDAxNTAlMjIlMjB3aWR0aCUzRCUyMjYwMCUyMiUyMGhlaWdodCUzRCUyMjQ1MCUyMiUyMGZyYW1lYm9yZGVyJTNEJTIyMCUyMiUyMHN0eWxlJTNEJTIyYm9yZGVyJTNBMCUyMiUyMGFsbG93ZnVsbHNjcmVlbiUzRSUzQyUyRmlmcmFtZSUzRQ==&#8221;][vc_column_text] Headquarter :\u00a0Dilmenler Caddesi No:19 Mahmutbey\/\u0130stanbul Tel: +90 (212) 505 0 505 (pbx) Fax: +90 (212) 539 04 16 Merter Branch :\u00a0\u00a0Fatih Cad No:33 MERTER\/\u0130stanbul Tel: +90 (212) 556 43 44 (pbx) Fax: +90 (212) 539 04 16 [\/vc_column_text][vc_text_separator title=&#8221;Contact Form&#8221;][\/vc_column][\/vc_row][vc_row][vc_column][\/vc_column][\/vc_row]<\/p>\n","protected":false},"author":1,"featured_media":0,"parent":0,"menu_order":0,"comment_status":"closed","ping_status":"closed","template":"","meta":{"_monsterinsights_skip_tracking":false,"_monsterinsights_sitenote_active":false,"_monsterinsights_sitenote_note":"","_monsterinsights_sitenote_category":0,"footnotes":""},"translation":{"provider":"WPGlobus","version":"3.0.2","language":"en","enabled_languages":["tr","en"],"languages":{"tr":{"title":true,"content":true,"excerpt":false},"en":{"title":true,"content":false,"excerpt":false}}},"yoast_head":"<!-- This site is optimized with the Yoast SEO plugin v22.0 - https:\/\/yoast.com\/wordpress\/plugins\/seo\/ -->\n<title>CONTACT - Leras Tekstil Kuma\u015f\u00e7\u0131l\u0131k<\/title>\n<meta name=\"robots\" content=\"index, follow, max-snippet:-1, max-image-preview:large, max-video-preview:-1\" \/>\n<link rel=\"canonical\" href=\"http:\/\/leras.com.tr\/en\/iletisim\/\" \/>\n<meta property=\"og:locale\" content=\"en_US\" \/>\n<meta property=\"og:type\" content=\"article\" \/>\n<meta property=\"og:title\" content=\"CONTACT - Leras Tekstil Kuma\u015f\u00e7\u0131l\u0131k\" \/>\n<meta property=\"og:url\" content=\"http:\/\/leras.com.tr\/en\/iletisim\/\" \/>\n<meta property=\"og:site_name\" content=\"Leras Tekstil Kuma\u015f\u00e7\u0131l\u0131k\" \/>\n<meta property=\"article:modified_time\" content=\"2025-12-16T13:30:31+00:00\" \/>\n<meta name=\"twitter:card\" content=\"summary_large_image\" \/>\n<meta name=\"twitter:label1\" content=\"Tahmini okuma s\u00fcresi\" \/>\n\t<meta name=\"twitter:data1\" content=\"1 minute\" \/>\n<script type=\"application\/ld+json\" class=\"yoast-schema-graph\">{\"@context\":\"https:\/\/schema.org\",\"@graph\":[{\"@type\":\"WebPage\",\"@id\":\"http:\/\/leras.com.tr\/en\/iletisim\/\",\"url\":\"http:\/\/leras.com.tr\/en\/iletisim\/\",\"name\":\"CONTACT - Leras Tekstil Kuma\u015f\u00e7\u0131l\u0131k\",\"isPartOf\":{\"@id\":\"http:\/\/leras.com.tr\/en\/#website\"},\"datePublished\":\"2018-03-11T12:49:24+00:00\",\"dateModified\":\"2025-12-16T13:30:31+00:00\",\"breadcrumb\":{\"@id\":\"http:\/\/leras.com.tr\/en\/iletisim\/#breadcrumb\"},\"inLanguage\":\"en-US\",\"potentialAction\":[{\"@type\":\"ReadAction\",\"target\":[\"http:\/\/leras.com.tr\/en\/iletisim\/\"]}]},{\"@type\":\"BreadcrumbList\",\"@id\":\"http:\/\/leras.com.tr\/en\/iletisim\/#breadcrumb\",\"itemListElement\":[{\"@type\":\"ListItem\",\"position\":1,\"name\":\"Ana sayfa\",\"item\":\"https:\/\/leras.com.tr\/\"},{\"@type\":\"ListItem\",\"position\":2,\"name\":\"\u0130LET\u0130\u015e\u0130M\"}]},{\"@type\":\"WebSite\",\"@id\":\"http:\/\/leras.com.tr\/en\/#website\",\"url\":\"http:\/\/leras.com.tr\/en\/\",\"name\":\"Leras Tekstil Kuma\u015f\u00e7\u0131l\u0131k\",\"description\":\"\",\"publisher\":{\"@id\":\"http:\/\/leras.com.tr\/en\/#organization\"},\"potentialAction\":[{\"@type\":\"SearchAction\",\"target\":{\"@type\":\"EntryPoint\",\"urlTemplate\":\"http:\/\/leras.com.tr\/en\/?s={search_term_string}\"},\"query-input\":\"required name=search_term_string\"}],\"inLanguage\":\"en-US\"},{\"@type\":\"Organization\",\"@id\":\"http:\/\/leras.com.tr\/en\/#organization\",\"name\":\"Leras Dantel & Aksesuar\",\"url\":\"http:\/\/leras.com.tr\/en\/\",\"logo\":{\"@type\":\"ImageObject\",\"inLanguage\":\"en-US\",\"@id\":\"http:\/\/leras.com.tr\/en\/#\/schema\/logo\/image\/\",\"url\":\"https:\/\/leras.com.tr\/wp-content\/uploads\/2018\/03\/cropped-LerasLogo-05.png\",\"contentUrl\":\"https:\/\/leras.com.tr\/wp-content\/uploads\/2018\/03\/cropped-LerasLogo-05.png\",\"width\":249,\"height\":250,\"caption\":\"Leras Dantel & Aksesuar\"},\"image\":{\"@id\":\"http:\/\/leras.com.tr\/en\/#\/schema\/logo\/image\/\"}}]}<\/script>\n<!-- \/ Yoast SEO plugin. -->","yoast_head_json":{"title":"CONTACT - Leras Tekstil Kuma\u015f\u00e7\u0131l\u0131k","robots":{"index":"index","follow":"follow","max-snippet":"max-snippet:-1","max-image-preview":"max-image-preview:large","max-video-preview":"max-video-preview:-1"},"canonical":"http:\/\/leras.com.tr\/en\/iletisim\/","og_locale":"en_US","og_type":"article","og_title":"CONTACT - Leras Tekstil Kuma\u015f\u00e7\u0131l\u0131k","og_url":"http:\/\/leras.com.tr\/en\/iletisim\/","og_site_name":"Leras Tekstil Kuma\u015f\u00e7\u0131l\u0131k","article_modified_time":"2025-12-16T13:30:31+00:00","twitter_card":"summary_large_image","twitter_misc":{"Tahmini okuma s\u00fcresi":"1 minute"},"schema":{"@context":"https:\/\/schema.org","@graph":[{"@type":"WebPage","@id":"http:\/\/leras.com.tr\/en\/iletisim\/","url":"http:\/\/leras.com.tr\/en\/iletisim\/","name":"CONTACT - Leras Tekstil Kuma\u015f\u00e7\u0131l\u0131k","isPartOf":{"@id":"http:\/\/leras.com.tr\/en\/#website"},"datePublished":"2018-03-11T12:49:24+00:00","dateModified":"2025-12-16T13:30:31+00:00","breadcrumb":{"@id":"http:\/\/leras.com.tr\/en\/iletisim\/#breadcrumb"},"inLanguage":"en-US","potentialAction":[{"@type":"ReadAction","target":["http:\/\/leras.com.tr\/en\/iletisim\/"]}]},{"@type":"BreadcrumbList","@id":"http:\/\/leras.com.tr\/en\/iletisim\/#breadcrumb","itemListElement":[{"@type":"ListItem","position":1,"name":"Ana sayfa","item":"https:\/\/leras.com.tr\/"},{"@type":"ListItem","position":2,"name":"\u0130LET\u0130\u015e\u0130M"}]},{"@type":"WebSite","@id":"http:\/\/leras.com.tr\/en\/#website","url":"http:\/\/leras.com.tr\/en\/","name":"Leras Tekstil Kuma\u015f\u00e7\u0131l\u0131k","description":"","publisher":{"@id":"http:\/\/leras.com.tr\/en\/#organization"},"potentialAction":[{"@type":"SearchAction","target":{"@type":"EntryPoint","urlTemplate":"http:\/\/leras.com.tr\/en\/?s={search_term_string}"},"query-input":"required name=search_term_string"}],"inLanguage":"en-US"},{"@type":"Organization","@id":"http:\/\/leras.com.tr\/en\/#organization","name":"Leras Dantel & Aksesuar","url":"http:\/\/leras.com.tr\/en\/","logo":{"@type":"ImageObject","inLanguage":"en-US","@id":"http:\/\/leras.com.tr\/en\/#\/schema\/logo\/image\/","url":"https:\/\/leras.com.tr\/wp-content\/uploads\/2018\/03\/cropped-LerasLogo-05.png","contentUrl":"https:\/\/leras.com.tr\/wp-content\/uploads\/2018\/03\/cropped-LerasLogo-05.png","width":249,"height":250,"caption":"Leras Dantel & Aksesuar"},"image":{"@id":"http:\/\/leras.com.tr\/en\/#\/schema\/logo\/image\/"}}]}},"_links":{"self":[{"href":"http:\/\/leras.com.tr\/en\/wp-json\/wp\/v2\/pages\/3053"}],"collection":[{"href":"http:\/\/leras.com.tr\/en\/wp-json\/wp\/v2\/pages"}],"about":[{"href":"http:\/\/leras.com.tr\/en\/wp-json\/wp\/v2\/types\/page"}],"author":[{"embeddable":true,"href":"http:\/\/leras.com.tr\/en\/wp-json\/wp\/v2\/users\/1"}],"replies":[{"embeddable":true,"href":"http:\/\/leras.com.tr\/en\/wp-json\/wp\/v2\/comments?post=3053"}],"version-history":[{"count":18,"href":"http:\/\/leras.com.tr\/en\/wp-json\/wp\/v2\/pages\/3053\/revisions"}],"predecessor-version":[{"id":5777,"href":"http:\/\/leras.com.tr\/en\/wp-json\/wp\/v2\/pages\/3053\/revisions\/5777"}],"wp:attachment":[{"href":"http:\/\/leras.com.tr\/en\/wp-json\/wp\/v2\/media?parent=3053"}],"curies":[{"name":"wp","href":"https:\/\/api.w.org\/{rel}","templated":true}]}}