{"id":294,"date":"2016-10-06T03:56:06","date_gmt":"2016-10-06T03:56:06","guid":{"rendered":"http:\/\/demowp.cththemes.net\/diopter\/?page_id=294"},"modified":"2016-10-06T03:56:06","modified_gmt":"2016-10-06T03:56:06","slug":"contact","status":"publish","type":"page","link":"http:\/\/leras.com.tr\/en\/contact\/","title":{"rendered":"Contact"},"content":{"rendered":"<p>[vc_row cth_layout=&#8221;inshot_page_sec&#8221;][vc_column][inshot_section_title title_text=&#8221;Contact details&#8221;][\/inshot_section_title][vc_column_text css=&#8221;.vc_custom_1505407383844{margin-bottom: 0px !important;}&#8221;]Praesent nec leo venenatis elit semper aliquet id ac enim. Maecenas nec mi leo. Etiam venenatis ut dui non hendrerit. Integer dictum, diam vitae blandit accumsan, dolor odio tempus arcu, vel ultrices nisi nibh vitae ligula.[\/vc_column_text][vc_raw_html]JTNDZGl2JTIwY2xhc3MlM0QlMjJjb250YWN0LWRldGFpbHMlMjBmbC13cmFwJTIyJTNFJTBBJTIwJTIwJTIwJTIwJTNDdWwlM0UlMEElMjAlMjAlMjAlMjAlMjAlMjAlMjAlMjAlM0NsaSUzRSUzQ3NwYW4lM0VNYWlsJTIwJTNBJTNDJTJGc3BhbiUzRSUzQ2ElMjBocmVmJTNEJTIyJTIzJTIyJTIwdGFyZ2V0JTNEJTIyX2JsYW5rJTIyJTNFeW91cm1haWwlNDBkb21haW4uY29tJTNDJTJGYSUzRSUzQyUyRmxpJTNFJTBBJTIwJTIwJTIwJTIwJTIwJTIwJTIwJTIwJTNDbGklM0UlM0NzcGFuJTNFQWRyZXNzJTIwJTNBJTNDJTJGc3BhbiUzRSUzQ2ElMjBocmVmJTNEJTIyJTIzJTIyJTIwdGFyZ2V0JTNEJTIyX2JsYW5rJTIyJTNFVVNBJTIwMjdUSCUyMEJyb29rbHluJTIwTlklM0MlMkZhJTNFJTNDJTJGbGklM0UlMEElMjAlMjAlMjAlMjAlMjAlMjAlMjAlMjAlM0NsaSUzRSUzQ3NwYW4lM0VQaG9uZSUyMCUzQSUzQyUyRnNwYW4lM0UlM0NhJTIwaHJlZiUzRCUyMiUyMyUyMiUzRSUyQjclMjgxMTElMjkxMjM0NTY3ODklM0MlMkZhJTNFJTIwJTJDJTIwJTNDYSUyMGhyZWYlM0QlMjIlMjMlMjIlM0UlMkI4JTI4MjIyJTI5OTg3NjU0MzIxJTNDJTJGYSUzRSUzQyUyRmxpJTNFJTBBJTIwJTIwJTIwJTIwJTNDJTJGdWwlM0UlMEElM0MlMkZkaXYlM0U=[\/vc_raw_html][\/vc_column][\/vc_row][vc_row cth_layout=&#8221;inshot_page_sec&#8221; is_fullwidth=&#8221;wide&#8221;][vc_column][inshot_gmap map_marker=&#8221;1577&#8243;][\/vc_column][\/vc_row][vc_row cth_layout=&#8221;inshot_page_sec&#8221;][vc_column][inshot_section_title title_text=&#8221;Write us&#8221;][\/inshot_section_title][vc_column_text css=&#8221;.vc_custom_1505408370773{margin-bottom: 0px !important;}&#8221;]<\/p>\n<p>Praesent nec leo venenatis elit semper aliquet id ac enim. Maecenas nec mi leo. Etiam venenatis ut dui non hendrerit. Integer dictum, diam vitae blandit accumsan, dolor odio tempus arcu, vel ultrices nisi nibh vitae ligula.<\/p>\n<p>[\/vc_column_text]\n<div class=\"wpcf7 no-js\" id=\"wpcf7-f1582-o1\" lang=\"en-US\" dir=\"ltr\">\n<div class=\"screen-reader-response\"><p role=\"status\" aria-live=\"polite\" aria-atomic=\"true\"><\/p> <ul><\/ul><\/div>\n<form action=\"\/en\/wp-json\/wp\/v2\/pages\/294#wpcf7-f1582-o1\" method=\"post\" class=\"wpcf7-form init\" aria-label=\"Contact form\" novalidate=\"novalidate\" data-status=\"init\">\n<div style=\"display: none;\">\n<input type=\"hidden\" name=\"_wpcf7\" value=\"1582\" \/>\n<input type=\"hidden\" name=\"_wpcf7_version\" value=\"5.8.7\" \/>\n<input type=\"hidden\" name=\"_wpcf7_locale\" value=\"en_US\" \/>\n<input type=\"hidden\" name=\"_wpcf7_unit_tag\" value=\"wpcf7-f1582-o1\" \/>\n<input type=\"hidden\" name=\"_wpcf7_container_post\" value=\"0\" \/>\n<input type=\"hidden\" name=\"_wpcf7_posted_data_hash\" value=\"\" \/>\n<\/div>\n<div class=\"contact-form-holder\">\n\t<p><span class=\"wpcf7-form-control-wrap\" data-name=\"your-name\"><input size=\"40\" class=\"wpcf7-form-control wpcf7-text wpcf7-validates-as-required\" aria-required=\"true\" aria-invalid=\"false\" placeholder=\"Name\" value=\"\" type=\"text\" name=\"your-name\" \/><\/span>\n\t<\/p>\n\t<p><span class=\"wpcf7-form-control-wrap\" data-name=\"your-email\"><input size=\"40\" class=\"wpcf7-form-control wpcf7-email wpcf7-validates-as-required wpcf7-text wpcf7-validates-as-email\" aria-required=\"true\" aria-invalid=\"false\" placeholder=\"Email\" value=\"\" type=\"email\" name=\"your-email\" \/><\/span>\n\t<\/p>\n\t<p><span class=\"wpcf7-form-control-wrap\" data-name=\"your-message\"><textarea cols=\"40\" rows=\"10\" class=\"wpcf7-form-control wpcf7-textarea wpcf7-validates-as-required\" aria-required=\"true\" aria-invalid=\"false\" placeholder=\"Message\" name=\"your-message\"><\/textarea><\/span>\n\t<\/p>\n\t<p><input class=\"wpcf7-form-control wpcf7-submit has-spinner\" type=\"submit\" value=\"Send Message\" \/>\n\t<\/p>\n<\/div><div class=\"wpcf7-response-output\" aria-hidden=\"true\"><\/div>\n<\/form>\n<\/div>\n[\/vc_column][\/vc_row]<\/p>\n","protected":false},"excerpt":{"rendered":"<p>[vc_row cth_layout=&#8221;inshot_page_sec&#8221;][vc_column][inshot_section_title title_text=&#8221;Contact details&#8221;][\/inshot_section_title][vc_column_text css=&#8221;.vc_custom_1505407383844{margin-bottom: 0px !important;}&#8221;]Praesent nec leo venenatis elit semper aliquet id ac enim. Maecenas nec mi leo. Etiam venenatis ut dui non hendrerit. Integer dictum, diam vitae blandit accumsan, dolor odio tempus arcu, vel ultrices nisi nibh vitae ligula.[\/vc_column_text][vc_raw_html]JTNDZGl2JTIwY2xhc3MlM0QlMjJjb250YWN0LWRldGFpbHMlMjBmbC13cmFwJTIyJTNFJTBBJTIwJTIwJTIwJTIwJTNDdWwlM0UlMEElMjAlMjAlMjAlMjAlMjAlMjAlMjAlMjAlM0NsaSUzRSUzQ3NwYW4lM0VNYWlsJTIwJTNBJTNDJTJGc3BhbiUzRSUzQ2ElMjBocmVmJTNEJTIyJTIzJTIyJTIwdGFyZ2V0JTNEJTIyX2JsYW5rJTIyJTNFeW91cm1haWwlNDBkb21haW4uY29tJTNDJTJGYSUzRSUzQyUyRmxpJTNFJTBBJTIwJTIwJTIwJTIwJTIwJTIwJTIwJTIwJTNDbGklM0UlM0NzcGFuJTNFQWRyZXNzJTIwJTNBJTNDJTJGc3BhbiUzRSUzQ2ElMjBocmVmJTNEJTIyJTIzJTIyJTIwdGFyZ2V0JTNEJTIyX2JsYW5rJTIyJTNFVVNBJTIwMjdUSCUyMEJyb29rbHluJTIwTlklM0MlMkZhJTNFJTNDJTJGbGklM0UlMEElMjAlMjAlMjAlMjAlMjAlMjAlMjAlMjAlM0NsaSUzRSUzQ3NwYW4lM0VQaG9uZSUyMCUzQSUzQyUyRnNwYW4lM0UlM0NhJTIwaHJlZiUzRCUyMiUyMyUyMiUzRSUyQjclMjgxMTElMjkxMjM0NTY3ODklM0MlMkZhJTNFJTIwJTJDJTIwJTNDYSUyMGhyZWYlM0QlMjIlMjMlMjIlM0UlMkI4JTI4MjIyJTI5OTg3NjU0MzIxJTNDJTJGYSUzRSUzQyUyRmxpJTNFJTBBJTIwJTIwJTIwJTIwJTNDJTJGdWwlM0UlMEElM0MlMkZkaXYlM0U=[\/vc_raw_html][\/vc_column][\/vc_row][vc_row cth_layout=&#8221;inshot_page_sec&#8221; is_fullwidth=&#8221;wide&#8221;][vc_column][inshot_gmap map_marker=&#8221;1577&#8243;][\/vc_column][\/vc_row][vc_row cth_layout=&#8221;inshot_page_sec&#8221;][vc_column][inshot_section_title title_text=&#8221;Write us&#8221;][\/inshot_section_title][vc_column_text css=&#8221;.vc_custom_1505408370773{margin-bottom: 0px !important;}&#8221;] Praesent nec leo venenatis &hellip; <\/p>\n","protected":false},"author":1,"featured_media":0,"parent":0,"menu_order":0,"comment_status":"closed","ping_status":"closed","template":"page-fullwidth.php","meta":{"_monsterinsights_skip_tracking":false,"_monsterinsights_sitenote_active":false,"_monsterinsights_sitenote_note":"","_monsterinsights_sitenote_category":0,"footnotes":""},"translation":{"provider":"WPGlobus","version":"3.0.2","language":"en","enabled_languages":["tr","en"],"languages":{"tr":{"title":true,"content":true,"excerpt":false},"en":{"title":false,"content":false,"excerpt":false}}},"yoast_head":"<!-- This site is optimized with the Yoast SEO plugin v22.0 - https:\/\/yoast.com\/wordpress\/plugins\/seo\/ -->\n<title>Contact - Leras Tekstil Kuma\u015f\u00e7\u0131l\u0131k<\/title>\n<meta name=\"robots\" content=\"index, follow, max-snippet:-1, max-image-preview:large, max-video-preview:-1\" \/>\n<link rel=\"canonical\" href=\"http:\/\/leras.com.tr\/en\/contact\/\" \/>\n<meta property=\"og:locale\" content=\"en_US\" \/>\n<meta property=\"og:type\" content=\"article\" \/>\n<meta property=\"og:title\" content=\"Contact - Leras Tekstil Kuma\u015f\u00e7\u0131l\u0131k\" \/>\n<meta property=\"og:url\" content=\"http:\/\/leras.com.tr\/en\/contact\/\" \/>\n<meta property=\"og:site_name\" content=\"Leras Tekstil Kuma\u015f\u00e7\u0131l\u0131k\" \/>\n<meta name=\"twitter:card\" content=\"summary_large_image\" \/>\n<meta name=\"twitter:label1\" content=\"Est. reading time\" \/>\n\t<meta name=\"twitter:data1\" content=\"1 minute\" \/>\n<script type=\"application\/ld+json\" class=\"yoast-schema-graph\">{\"@context\":\"https:\/\/schema.org\",\"@graph\":[{\"@type\":\"WebPage\",\"@id\":\"http:\/\/leras.com.tr\/en\/contact\/\",\"url\":\"http:\/\/leras.com.tr\/en\/contact\/\",\"name\":\"Contact - Leras Tekstil Kuma\u015f\u00e7\u0131l\u0131k\",\"isPartOf\":{\"@id\":\"http:\/\/leras.com.tr\/en\/#website\"},\"datePublished\":\"2016-10-06T03:56:06+00:00\",\"dateModified\":\"2016-10-06T03:56:06+00:00\",\"breadcrumb\":{\"@id\":\"http:\/\/leras.com.tr\/en\/contact\/#breadcrumb\"},\"inLanguage\":\"en-US\",\"potentialAction\":[{\"@type\":\"ReadAction\",\"target\":[\"http:\/\/leras.com.tr\/en\/contact\/\"]}]},{\"@type\":\"BreadcrumbList\",\"@id\":\"http:\/\/leras.com.tr\/en\/contact\/#breadcrumb\",\"itemListElement\":[{\"@type\":\"ListItem\",\"position\":1,\"name\":\"Ana sayfa\",\"item\":\"https:\/\/leras.com.tr\/\"},{\"@type\":\"ListItem\",\"position\":2,\"name\":\"Contact\"}]},{\"@type\":\"WebSite\",\"@id\":\"http:\/\/leras.com.tr\/en\/#website\",\"url\":\"http:\/\/leras.com.tr\/en\/\",\"name\":\"Leras Tekstil Kuma\u015f\u00e7\u0131l\u0131k\",\"description\":\"\",\"publisher\":{\"@id\":\"http:\/\/leras.com.tr\/en\/#organization\"},\"potentialAction\":[{\"@type\":\"SearchAction\",\"target\":{\"@type\":\"EntryPoint\",\"urlTemplate\":\"http:\/\/leras.com.tr\/en\/?s={search_term_string}\"},\"query-input\":\"required name=search_term_string\"}],\"inLanguage\":\"en-US\"},{\"@type\":\"Organization\",\"@id\":\"http:\/\/leras.com.tr\/en\/#organization\",\"name\":\"Leras Dantel & Aksesuar\",\"url\":\"http:\/\/leras.com.tr\/en\/\",\"logo\":{\"@type\":\"ImageObject\",\"inLanguage\":\"en-US\",\"@id\":\"http:\/\/leras.com.tr\/en\/#\/schema\/logo\/image\/\",\"url\":\"https:\/\/leras.com.tr\/wp-content\/uploads\/2018\/03\/cropped-LerasLogo-05.png\",\"contentUrl\":\"https:\/\/leras.com.tr\/wp-content\/uploads\/2018\/03\/cropped-LerasLogo-05.png\",\"width\":249,\"height\":250,\"caption\":\"Leras Dantel & Aksesuar\"},\"image\":{\"@id\":\"http:\/\/leras.com.tr\/en\/#\/schema\/logo\/image\/\"}}]}<\/script>\n<!-- \/ Yoast SEO plugin. -->","yoast_head_json":{"title":"Contact - Leras Tekstil Kuma\u015f\u00e7\u0131l\u0131k","robots":{"index":"index","follow":"follow","max-snippet":"max-snippet:-1","max-image-preview":"max-image-preview:large","max-video-preview":"max-video-preview:-1"},"canonical":"http:\/\/leras.com.tr\/en\/contact\/","og_locale":"en_US","og_type":"article","og_title":"Contact - Leras Tekstil Kuma\u015f\u00e7\u0131l\u0131k","og_url":"http:\/\/leras.com.tr\/en\/contact\/","og_site_name":"Leras Tekstil Kuma\u015f\u00e7\u0131l\u0131k","twitter_card":"summary_large_image","twitter_misc":{"Est. reading time":"1 minute"},"schema":{"@context":"https:\/\/schema.org","@graph":[{"@type":"WebPage","@id":"http:\/\/leras.com.tr\/en\/contact\/","url":"http:\/\/leras.com.tr\/en\/contact\/","name":"Contact - Leras Tekstil Kuma\u015f\u00e7\u0131l\u0131k","isPartOf":{"@id":"http:\/\/leras.com.tr\/en\/#website"},"datePublished":"2016-10-06T03:56:06+00:00","dateModified":"2016-10-06T03:56:06+00:00","breadcrumb":{"@id":"http:\/\/leras.com.tr\/en\/contact\/#breadcrumb"},"inLanguage":"en-US","potentialAction":[{"@type":"ReadAction","target":["http:\/\/leras.com.tr\/en\/contact\/"]}]},{"@type":"BreadcrumbList","@id":"http:\/\/leras.com.tr\/en\/contact\/#breadcrumb","itemListElement":[{"@type":"ListItem","position":1,"name":"Ana sayfa","item":"https:\/\/leras.com.tr\/"},{"@type":"ListItem","position":2,"name":"Contact"}]},{"@type":"WebSite","@id":"http:\/\/leras.com.tr\/en\/#website","url":"http:\/\/leras.com.tr\/en\/","name":"Leras Tekstil Kuma\u015f\u00e7\u0131l\u0131k","description":"","publisher":{"@id":"http:\/\/leras.com.tr\/en\/#organization"},"potentialAction":[{"@type":"SearchAction","target":{"@type":"EntryPoint","urlTemplate":"http:\/\/leras.com.tr\/en\/?s={search_term_string}"},"query-input":"required name=search_term_string"}],"inLanguage":"en-US"},{"@type":"Organization","@id":"http:\/\/leras.com.tr\/en\/#organization","name":"Leras Dantel & Aksesuar","url":"http:\/\/leras.com.tr\/en\/","logo":{"@type":"ImageObject","inLanguage":"en-US","@id":"http:\/\/leras.com.tr\/en\/#\/schema\/logo\/image\/","url":"https:\/\/leras.com.tr\/wp-content\/uploads\/2018\/03\/cropped-LerasLogo-05.png","contentUrl":"https:\/\/leras.com.tr\/wp-content\/uploads\/2018\/03\/cropped-LerasLogo-05.png","width":249,"height":250,"caption":"Leras Dantel & Aksesuar"},"image":{"@id":"http:\/\/leras.com.tr\/en\/#\/schema\/logo\/image\/"}}]}},"_links":{"self":[{"href":"http:\/\/leras.com.tr\/en\/wp-json\/wp\/v2\/pages\/294"}],"collection":[{"href":"http:\/\/leras.com.tr\/en\/wp-json\/wp\/v2\/pages"}],"about":[{"href":"http:\/\/leras.com.tr\/en\/wp-json\/wp\/v2\/types\/page"}],"author":[{"embeddable":true,"href":"http:\/\/leras.com.tr\/en\/wp-json\/wp\/v2\/users\/1"}],"replies":[{"embeddable":true,"href":"http:\/\/leras.com.tr\/en\/wp-json\/wp\/v2\/comments?post=294"}],"version-history":[{"count":1,"href":"http:\/\/leras.com.tr\/en\/wp-json\/wp\/v2\/pages\/294\/revisions"}],"predecessor-version":[{"id":5548,"href":"http:\/\/leras.com.tr\/en\/wp-json\/wp\/v2\/pages\/294\/revisions\/5548"}],"wp:attachment":[{"href":"http:\/\/leras.com.tr\/en\/wp-json\/wp\/v2\/media?parent=294"}],"curies":[{"name":"wp","href":"https:\/\/api.w.org\/{rel}","templated":true}]}}