{"id":2670,"date":"2018-03-05T02:50:02","date_gmt":"2018-03-04T23:50:02","guid":{"rendered":"http:\/\/leras.com.tr\/?page_id=2670"},"modified":"2018-11-08T15:43:02","modified_gmt":"2018-11-08T12:43:02","slug":"file","status":"publish","type":"page","link":"http:\/\/leras.com.tr\/en\/file\/","title":{"rendered":"F\u0130LE"},"content":{"rendered":"<p>[vc_row cth_layout=&#8221;inshot_page_sec&#8221; is_fullwidth=&#8221;wide&#8221;][vc_column][inshot_portfolios folio_item_style=&#8221;vis-thumb-info&#8221; show_filter=&#8221;no&#8221; columns_grid=&#8221;three&#8221; spacing=&#8221;big&#8221; ids=&#8221;4175,4195,4329,4324,4309,4584,2100,2104,2108,2112,2116&#8243;][\/vc_column][\/vc_row]<\/p>\n","protected":false},"excerpt":{"rendered":"<p>[vc_row cth_layout=&#8221;inshot_page_sec&#8221; is_fullwidth=&#8221;wide&#8221;][vc_column][inshot_portfolios folio_item_style=&#8221;vis-thumb-info&#8221; show_filter=&#8221;no&#8221; columns_grid=&#8221;three&#8221; spacing=&#8221;big&#8221; ids=&#8221;4175,4195,4329,4324,4309,4584,2100,2104,2108,2112,2116&#8243;][\/vc_column][\/vc_row]<\/p>\n","protected":false},"author":1,"featured_media":0,"parent":0,"menu_order":0,"comment_status":"closed","ping_status":"closed","template":"","meta":{"_monsterinsights_skip_tracking":false,"_monsterinsights_sitenote_active":false,"_monsterinsights_sitenote_note":"","_monsterinsights_sitenote_category":0,"footnotes":""},"translation":{"provider":"WPGlobus","version":"3.0.2","language":"en","enabled_languages":["tr","en"],"languages":{"tr":{"title":true,"content":true,"excerpt":false},"en":{"title":false,"content":false,"excerpt":false}}},"yoast_head":"<!-- This site is optimized with the Yoast SEO plugin v22.0 - https:\/\/yoast.com\/wordpress\/plugins\/seo\/ -->\n<title>F\u0130LE - Leras Tekstil Kuma\u015f\u00e7\u0131l\u0131k<\/title>\n<meta name=\"robots\" content=\"index, follow, max-snippet:-1, max-image-preview:large, max-video-preview:-1\" \/>\n<link rel=\"canonical\" href=\"http:\/\/leras.com.tr\/en\/file\/\" \/>\n<meta property=\"og:locale\" content=\"en_US\" \/>\n<meta property=\"og:type\" content=\"article\" \/>\n<meta property=\"og:title\" content=\"F\u0130LE - Leras Tekstil Kuma\u015f\u00e7\u0131l\u0131k\" \/>\n<meta property=\"og:url\" content=\"http:\/\/leras.com.tr\/en\/file\/\" \/>\n<meta property=\"og:site_name\" content=\"Leras Tekstil Kuma\u015f\u00e7\u0131l\u0131k\" \/>\n<meta property=\"article:modified_time\" content=\"2018-11-08T12:43:02+00:00\" \/>\n<meta name=\"twitter:card\" content=\"summary_large_image\" \/>\n<script type=\"application\/ld+json\" class=\"yoast-schema-graph\">{\"@context\":\"https:\/\/schema.org\",\"@graph\":[{\"@type\":\"WebPage\",\"@id\":\"http:\/\/leras.com.tr\/en\/file\/\",\"url\":\"http:\/\/leras.com.tr\/en\/file\/\",\"name\":\"F\u0130LE - Leras Tekstil Kuma\u015f\u00e7\u0131l\u0131k\",\"isPartOf\":{\"@id\":\"http:\/\/leras.com.tr\/en\/#website\"},\"datePublished\":\"2018-03-04T23:50:02+00:00\",\"dateModified\":\"2018-11-08T12:43:02+00:00\",\"breadcrumb\":{\"@id\":\"http:\/\/leras.com.tr\/en\/file\/#breadcrumb\"},\"inLanguage\":\"en-US\",\"potentialAction\":[{\"@type\":\"ReadAction\",\"target\":[\"http:\/\/leras.com.tr\/en\/file\/\"]}]},{\"@type\":\"BreadcrumbList\",\"@id\":\"http:\/\/leras.com.tr\/en\/file\/#breadcrumb\",\"itemListElement\":[{\"@type\":\"ListItem\",\"position\":1,\"name\":\"Ana sayfa\",\"item\":\"https:\/\/leras.com.tr\/en\/\"},{\"@type\":\"ListItem\",\"position\":2,\"name\":\"F\u0130LE\"}]},{\"@type\":\"WebSite\",\"@id\":\"http:\/\/leras.com.tr\/en\/#website\",\"url\":\"http:\/\/leras.com.tr\/en\/\",\"name\":\"Leras Tekstil Kuma\u015f\u00e7\u0131l\u0131k\",\"description\":\"\",\"publisher\":{\"@id\":\"http:\/\/leras.com.tr\/en\/#organization\"},\"potentialAction\":[{\"@type\":\"SearchAction\",\"target\":{\"@type\":\"EntryPoint\",\"urlTemplate\":\"http:\/\/leras.com.tr\/en\/?s={search_term_string}\"},\"query-input\":\"required name=search_term_string\"}],\"inLanguage\":\"en-US\"},{\"@type\":\"Organization\",\"@id\":\"http:\/\/leras.com.tr\/en\/#organization\",\"name\":\"Leras Dantel & Aksesuar\",\"url\":\"http:\/\/leras.com.tr\/en\/\",\"logo\":{\"@type\":\"ImageObject\",\"inLanguage\":\"en-US\",\"@id\":\"http:\/\/leras.com.tr\/en\/#\/schema\/logo\/image\/\",\"url\":\"https:\/\/leras.com.tr\/wp-content\/uploads\/2018\/03\/cropped-LerasLogo-05.png\",\"contentUrl\":\"https:\/\/leras.com.tr\/wp-content\/uploads\/2018\/03\/cropped-LerasLogo-05.png\",\"width\":249,\"height\":250,\"caption\":\"Leras Dantel & Aksesuar\"},\"image\":{\"@id\":\"http:\/\/leras.com.tr\/en\/#\/schema\/logo\/image\/\"}}]}<\/script>\n<!-- \/ Yoast SEO plugin. -->","yoast_head_json":{"title":"F\u0130LE - Leras Tekstil Kuma\u015f\u00e7\u0131l\u0131k","robots":{"index":"index","follow":"follow","max-snippet":"max-snippet:-1","max-image-preview":"max-image-preview:large","max-video-preview":"max-video-preview:-1"},"canonical":"http:\/\/leras.com.tr\/en\/file\/","og_locale":"en_US","og_type":"article","og_title":"F\u0130LE - Leras Tekstil Kuma\u015f\u00e7\u0131l\u0131k","og_url":"http:\/\/leras.com.tr\/en\/file\/","og_site_name":"Leras Tekstil Kuma\u015f\u00e7\u0131l\u0131k","article_modified_time":"2018-11-08T12:43:02+00:00","twitter_card":"summary_large_image","schema":{"@context":"https:\/\/schema.org","@graph":[{"@type":"WebPage","@id":"http:\/\/leras.com.tr\/en\/file\/","url":"http:\/\/leras.com.tr\/en\/file\/","name":"F\u0130LE - Leras Tekstil Kuma\u015f\u00e7\u0131l\u0131k","isPartOf":{"@id":"http:\/\/leras.com.tr\/en\/#website"},"datePublished":"2018-03-04T23:50:02+00:00","dateModified":"2018-11-08T12:43:02+00:00","breadcrumb":{"@id":"http:\/\/leras.com.tr\/en\/file\/#breadcrumb"},"inLanguage":"en-US","potentialAction":[{"@type":"ReadAction","target":["http:\/\/leras.com.tr\/en\/file\/"]}]},{"@type":"BreadcrumbList","@id":"http:\/\/leras.com.tr\/en\/file\/#breadcrumb","itemListElement":[{"@type":"ListItem","position":1,"name":"Ana sayfa","item":"https:\/\/leras.com.tr\/en\/"},{"@type":"ListItem","position":2,"name":"F\u0130LE"}]},{"@type":"WebSite","@id":"http:\/\/leras.com.tr\/en\/#website","url":"http:\/\/leras.com.tr\/en\/","name":"Leras Tekstil Kuma\u015f\u00e7\u0131l\u0131k","description":"","publisher":{"@id":"http:\/\/leras.com.tr\/en\/#organization"},"potentialAction":[{"@type":"SearchAction","target":{"@type":"EntryPoint","urlTemplate":"http:\/\/leras.com.tr\/en\/?s={search_term_string}"},"query-input":"required name=search_term_string"}],"inLanguage":"en-US"},{"@type":"Organization","@id":"http:\/\/leras.com.tr\/en\/#organization","name":"Leras Dantel & Aksesuar","url":"http:\/\/leras.com.tr\/en\/","logo":{"@type":"ImageObject","inLanguage":"en-US","@id":"http:\/\/leras.com.tr\/en\/#\/schema\/logo\/image\/","url":"https:\/\/leras.com.tr\/wp-content\/uploads\/2018\/03\/cropped-LerasLogo-05.png","contentUrl":"https:\/\/leras.com.tr\/wp-content\/uploads\/2018\/03\/cropped-LerasLogo-05.png","width":249,"height":250,"caption":"Leras Dantel & Aksesuar"},"image":{"@id":"http:\/\/leras.com.tr\/en\/#\/schema\/logo\/image\/"}}]}},"_links":{"self":[{"href":"http:\/\/leras.com.tr\/en\/wp-json\/wp\/v2\/pages\/2670"}],"collection":[{"href":"http:\/\/leras.com.tr\/en\/wp-json\/wp\/v2\/pages"}],"about":[{"href":"http:\/\/leras.com.tr\/en\/wp-json\/wp\/v2\/types\/page"}],"author":[{"embeddable":true,"href":"http:\/\/leras.com.tr\/en\/wp-json\/wp\/v2\/users\/1"}],"replies":[{"embeddable":true,"href":"http:\/\/leras.com.tr\/en\/wp-json\/wp\/v2\/comments?post=2670"}],"version-history":[{"count":7,"href":"http:\/\/leras.com.tr\/en\/wp-json\/wp\/v2\/pages\/2670\/revisions"}],"predecessor-version":[{"id":3406,"href":"http:\/\/leras.com.tr\/en\/wp-json\/wp\/v2\/pages\/2670\/revisions\/3406"}],"wp:attachment":[{"href":"http:\/\/leras.com.tr\/en\/wp-json\/wp\/v2\/media?parent=2670"}],"curies":[{"name":"wp","href":"https:\/\/api.w.org\/{rel}","templated":true}]}}