{"id":2,"date":"2018-02-14T01:56:52","date_gmt":"2018-02-13T22:56:52","guid":{"rendered":"http:\/\/leras.com.tr\/?page_id=2"},"modified":"2018-02-14T01:56:52","modified_gmt":"2018-02-13T22:56:52","slug":"ornek-sayfa__trashed","status":"publish","type":"page","link":"http:\/\/leras.com.tr\/en\/ornek-sayfa__trashed\/","title":{"rendered":"?rnek sayfa"},"content":{"rendered":"<p>Bu ?rnek bir sayfad?r. Bir blog yaz?s?ndan farkl?d?r ??nk? belirli bir yerde sabit olarak kal?r ve teman?z?n dola??m men?s?nde ba?l??? g?r?nt?lenir(?o?u tema destekler). Bir ?ok insan potansiyel ziyaret?ilerini kar??lamak ad?na bir Hakk?nda sayfas? kullan?r. ?una benzeyen bir sayfa:<\/p>\n<blockquote><p>Merhaba! G?nd?zleri bisikletli kurye, geceleri ise hevesli bir akt?r?m, buras? da benim sitem. ?stanbul&#8217;da ya??yorum, B?d?k isminde harika bir k?pe?im var ve pi&#241;a colada i?meyi seviyorum. (Ve ya?mura yakalanmay?.)<\/p><\/blockquote>\n<p>&#8230;ya da bunun gibi bir ?eyler:<\/p>\n<blockquote><p>XYZ firmas? 1971&#8217;de kurulmu?tur ve kuruldu?undan bu yana kaliteli ?eyler ?retmektedir. Gotham ?ehrinde konu?lanm?? olan XYZ firmas? 2.000&#8217;in ?zerinde ?al??an? ile Gotham ?ehri i?in her ?eyin en iyisini yapmaya ?al??maktad?r.<\/p><\/blockquote>\n<p>Yeni bir WordPress kullan?c?s? olarak ?ncelikle <a href=\"http:\/\/leras.com.tr\/wp-admin\/\">ba?lang?? sayfas?na<\/a> giderek bu sayfay? silip kendi sayfalar?n?z? olu?turmal?s?n?z. ?yi e?lenceler!<\/p>\n","protected":false},"excerpt":{"rendered":"<p>Bu ?rnek bir sayfad?r. Bir blog yaz?s?ndan farkl?d?r ??nk? belirli bir yerde sabit olarak kal?r ve teman?z?n dola??m men?s?nde ba?l??? g?r?nt?lenir(?o?u tema destekler). Bir ?ok insan potansiyel ziyaret?ilerini kar??lamak ad?na bir Hakk?nda sayfas? kullan?r. ?una benzeyen bir sayfa: Merhaba! G?nd?zleri bisikletli kurye, geceleri ise hevesli bir akt?r?m, buras? da benim sitem. ?stanbul&#8217;da ya??yorum, B?d?k isminde &hellip; <\/p>\n","protected":false},"author":1,"featured_media":0,"parent":0,"menu_order":0,"comment_status":"closed","ping_status":"open","template":"","meta":{"_monsterinsights_skip_tracking":false,"_monsterinsights_sitenote_active":false,"_monsterinsights_sitenote_note":"","_monsterinsights_sitenote_category":0,"footnotes":""},"translation":{"provider":"WPGlobus","version":"3.0.2","language":"en","enabled_languages":["tr","en"],"languages":{"tr":{"title":true,"content":true,"excerpt":false},"en":{"title":false,"content":false,"excerpt":false}}},"yoast_head":"<!-- This site is optimized with the Yoast SEO plugin v22.0 - https:\/\/yoast.com\/wordpress\/plugins\/seo\/ -->\n<title>Leras Tekstil Kuma\u015f\u00e7\u0131l\u0131k<\/title>\n<meta name=\"robots\" content=\"index, follow, max-snippet:-1, max-image-preview:large, max-video-preview:-1\" \/>\n<link rel=\"canonical\" href=\"http:\/\/leras.com.tr\/en\/ornek-sayfa__trashed\/\" \/>\n<meta property=\"og:locale\" content=\"en_US\" \/>\n<meta property=\"og:type\" content=\"article\" \/>\n<meta property=\"og:url\" content=\"http:\/\/leras.com.tr\/en\/ornek-sayfa__trashed\/\" \/>\n<meta property=\"og:site_name\" content=\"Leras Tekstil Kuma\u015f\u00e7\u0131l\u0131k\" \/>\n<meta name=\"twitter:card\" content=\"summary_large_image\" \/>\n<meta name=\"twitter:label1\" content=\"Est. reading time\" \/>\n\t<meta name=\"twitter:data1\" content=\"1 minute\" \/>\n<script type=\"application\/ld+json\" class=\"yoast-schema-graph\">{\"@context\":\"https:\/\/schema.org\",\"@graph\":[{\"@type\":\"WebPage\",\"@id\":\"http:\/\/leras.com.tr\/en\/ornek-sayfa__trashed\/\",\"url\":\"http:\/\/leras.com.tr\/en\/ornek-sayfa__trashed\/\",\"name\":\"\",\"isPartOf\":{\"@id\":\"http:\/\/leras.com.tr\/en\/#website\"},\"datePublished\":\"2018-02-13T22:56:52+00:00\",\"dateModified\":\"2018-02-13T22:56:52+00:00\",\"breadcrumb\":{\"@id\":\"http:\/\/leras.com.tr\/en\/ornek-sayfa__trashed\/#breadcrumb\"},\"inLanguage\":\"en-US\",\"potentialAction\":[{\"@type\":\"ReadAction\",\"target\":[\"http:\/\/leras.com.tr\/en\/ornek-sayfa__trashed\/\"]}]},{\"@type\":\"BreadcrumbList\",\"@id\":\"http:\/\/leras.com.tr\/en\/ornek-sayfa__trashed\/#breadcrumb\",\"itemListElement\":[{\"@type\":\"ListItem\",\"position\":1,\"name\":\"Ana sayfa\",\"item\":\"https:\/\/leras.com.tr\/\"},{\"@type\":\"ListItem\",\"position\":2,\"name\":\"?rnek sayfa\"}]},{\"@type\":\"WebSite\",\"@id\":\"http:\/\/leras.com.tr\/en\/#website\",\"url\":\"http:\/\/leras.com.tr\/en\/\",\"name\":\"Leras Tekstil Kuma\u015f\u00e7\u0131l\u0131k\",\"description\":\"\",\"publisher\":{\"@id\":\"http:\/\/leras.com.tr\/en\/#organization\"},\"potentialAction\":[{\"@type\":\"SearchAction\",\"target\":{\"@type\":\"EntryPoint\",\"urlTemplate\":\"http:\/\/leras.com.tr\/en\/?s={search_term_string}\"},\"query-input\":\"required name=search_term_string\"}],\"inLanguage\":\"en-US\"},{\"@type\":\"Organization\",\"@id\":\"http:\/\/leras.com.tr\/en\/#organization\",\"name\":\"Leras Dantel & Aksesuar\",\"url\":\"http:\/\/leras.com.tr\/en\/\",\"logo\":{\"@type\":\"ImageObject\",\"inLanguage\":\"en-US\",\"@id\":\"http:\/\/leras.com.tr\/en\/#\/schema\/logo\/image\/\",\"url\":\"https:\/\/leras.com.tr\/wp-content\/uploads\/2018\/03\/cropped-LerasLogo-05.png\",\"contentUrl\":\"https:\/\/leras.com.tr\/wp-content\/uploads\/2018\/03\/cropped-LerasLogo-05.png\",\"width\":249,\"height\":250,\"caption\":\"Leras Dantel & Aksesuar\"},\"image\":{\"@id\":\"http:\/\/leras.com.tr\/en\/#\/schema\/logo\/image\/\"}}]}<\/script>\n<!-- \/ Yoast SEO plugin. -->","yoast_head_json":{"title":"Leras Tekstil Kuma\u015f\u00e7\u0131l\u0131k","robots":{"index":"index","follow":"follow","max-snippet":"max-snippet:-1","max-image-preview":"max-image-preview:large","max-video-preview":"max-video-preview:-1"},"canonical":"http:\/\/leras.com.tr\/en\/ornek-sayfa__trashed\/","og_locale":"en_US","og_type":"article","og_url":"http:\/\/leras.com.tr\/en\/ornek-sayfa__trashed\/","og_site_name":"Leras Tekstil Kuma\u015f\u00e7\u0131l\u0131k","twitter_card":"summary_large_image","twitter_misc":{"Est. reading time":"1 minute"},"schema":{"@context":"https:\/\/schema.org","@graph":[{"@type":"WebPage","@id":"http:\/\/leras.com.tr\/en\/ornek-sayfa__trashed\/","url":"http:\/\/leras.com.tr\/en\/ornek-sayfa__trashed\/","name":"","isPartOf":{"@id":"http:\/\/leras.com.tr\/en\/#website"},"datePublished":"2018-02-13T22:56:52+00:00","dateModified":"2018-02-13T22:56:52+00:00","breadcrumb":{"@id":"http:\/\/leras.com.tr\/en\/ornek-sayfa__trashed\/#breadcrumb"},"inLanguage":"en-US","potentialAction":[{"@type":"ReadAction","target":["http:\/\/leras.com.tr\/en\/ornek-sayfa__trashed\/"]}]},{"@type":"BreadcrumbList","@id":"http:\/\/leras.com.tr\/en\/ornek-sayfa__trashed\/#breadcrumb","itemListElement":[{"@type":"ListItem","position":1,"name":"Ana sayfa","item":"https:\/\/leras.com.tr\/"},{"@type":"ListItem","position":2,"name":"?rnek sayfa"}]},{"@type":"WebSite","@id":"http:\/\/leras.com.tr\/en\/#website","url":"http:\/\/leras.com.tr\/en\/","name":"Leras Tekstil Kuma\u015f\u00e7\u0131l\u0131k","description":"","publisher":{"@id":"http:\/\/leras.com.tr\/en\/#organization"},"potentialAction":[{"@type":"SearchAction","target":{"@type":"EntryPoint","urlTemplate":"http:\/\/leras.com.tr\/en\/?s={search_term_string}"},"query-input":"required name=search_term_string"}],"inLanguage":"en-US"},{"@type":"Organization","@id":"http:\/\/leras.com.tr\/en\/#organization","name":"Leras Dantel & Aksesuar","url":"http:\/\/leras.com.tr\/en\/","logo":{"@type":"ImageObject","inLanguage":"en-US","@id":"http:\/\/leras.com.tr\/en\/#\/schema\/logo\/image\/","url":"https:\/\/leras.com.tr\/wp-content\/uploads\/2018\/03\/cropped-LerasLogo-05.png","contentUrl":"https:\/\/leras.com.tr\/wp-content\/uploads\/2018\/03\/cropped-LerasLogo-05.png","width":249,"height":250,"caption":"Leras Dantel & Aksesuar"},"image":{"@id":"http:\/\/leras.com.tr\/en\/#\/schema\/logo\/image\/"}}]}},"_links":{"self":[{"href":"http:\/\/leras.com.tr\/en\/wp-json\/wp\/v2\/pages\/2"}],"collection":[{"href":"http:\/\/leras.com.tr\/en\/wp-json\/wp\/v2\/pages"}],"about":[{"href":"http:\/\/leras.com.tr\/en\/wp-json\/wp\/v2\/types\/page"}],"author":[{"embeddable":true,"href":"http:\/\/leras.com.tr\/en\/wp-json\/wp\/v2\/users\/1"}],"replies":[{"embeddable":true,"href":"http:\/\/leras.com.tr\/en\/wp-json\/wp\/v2\/comments?post=2"}],"version-history":[{"count":0,"href":"http:\/\/leras.com.tr\/en\/wp-json\/wp\/v2\/pages\/2\/revisions"}],"wp:attachment":[{"href":"http:\/\/leras.com.tr\/en\/wp-json\/wp\/v2\/media?parent=2"}],"curies":[{"name":"wp","href":"https:\/\/api.w.org\/{rel}","templated":true}]}}